{"id":16501,"date":"2025-02-17T08:45:52","date_gmt":"2025-02-17T08:45:52","guid":{"rendered":"https:\/\/clinicadentalmontsetimoneda.com\/?page_id=16501"},"modified":"2025-02-20T10:14:13","modified_gmt":"2025-02-20T10:14:13","slug":"demanar-cita","status":"publish","type":"page","link":"https:\/\/clinicadentalmontsetimoneda.com\/ca\/demanar-cita\/","title":{"rendered":"Demanar cita"},"content":{"rendered":"\t\t<div data-elementor-type=\"wp-page\" data-elementor-id=\"16501\" class=\"elementor elementor-16501 elementor-16500\" data-elementor-post-type=\"page\">\n\t\t\t\t<div class=\"elementor-element elementor-element-b409d1a e-con-full no-padding-block no-padding-inline e-flex e-con e-parent\" data-id=\"b409d1a\" data-element_type=\"container\" data-e-type=\"container\">\n\t\t<div class=\"elementor-element elementor-element-550925e e-con-full no-padding-block no-padding-inline e-flex e-con e-child\" data-id=\"550925e\" data-element_type=\"container\" data-e-type=\"container\" data-settings=\"{&quot;background_background&quot;:&quot;classic&quot;}\">\n\t\t\t\t<div class=\"elementor-element elementor-element-1690748 elementor-widget__width-inherit elementor-widget elementor-widget-image\" data-id=\"1690748\" data-element_type=\"widget\" data-e-type=\"widget\" data-widget_type=\"image.default\">\n\t\t\t\t<div class=\"elementor-widget-container\">\n\t\t\t\t\t\t\t\t\t\t\t\t\t\t\t<img fetchpriority=\"high\" decoding=\"async\" width=\"1020\" height=\"522\" src=\"https:\/\/clinicadentalmontsetimoneda.com\/wp-content\/uploads\/2025\/02\/pedir-cita-v.-desktop.jpg\" class=\"attachment-large size-large wp-image-16630\" alt=\"\" srcset=\"https:\/\/clinicadentalmontsetimoneda.com\/wp-content\/uploads\/2025\/02\/pedir-cita-v.-desktop.jpg 1400w, https:\/\/clinicadentalmontsetimoneda.com\/wp-content\/uploads\/2025\/02\/pedir-cita-v.-desktop-782x400.jpg 782w, https:\/\/clinicadentalmontsetimoneda.com\/wp-content\/uploads\/2025\/02\/pedir-cita-v.-desktop-768x393.jpg 768w\" sizes=\"(max-width: 1020px) 100vw, 1020px\" \/>\t\t\t\t\t\t\t\t\t\t\t\t\t\t\t<\/div>\n\t\t\t\t<\/div>\n\t\t\t\t<div class=\"elementor-element elementor-element-d2659a6 elementor-widget__width-inherit elementor-widget elementor-widget-image\" data-id=\"d2659a6\" data-element_type=\"widget\" data-e-type=\"widget\" data-widget_type=\"image.default\">\n\t\t\t\t<div class=\"elementor-widget-container\">\n\t\t\t\t\t\t\t\t\t\t\t\t\t\t\t<img decoding=\"async\" width=\"390\" height=\"784\" src=\"https:\/\/clinicadentalmontsetimoneda.com\/wp-content\/uploads\/2025\/02\/pedir-cita-v.-mobile.jpg\" class=\"attachment-large size-large wp-image-16632\" alt=\"\" srcset=\"https:\/\/clinicadentalmontsetimoneda.com\/wp-content\/uploads\/2025\/02\/pedir-cita-v.-mobile.jpg 390w, https:\/\/clinicadentalmontsetimoneda.com\/wp-content\/uploads\/2025\/02\/pedir-cita-v.-mobile-199x400.jpg 199w\" sizes=\"(max-width: 390px) 100vw, 390px\" \/>\t\t\t\t\t\t\t\t\t\t\t\t\t\t\t<\/div>\n\t\t\t\t<\/div>\n\t\t<div class=\"elementor-element elementor-element-c02703b e-con-full e-flex e-con e-child\" data-id=\"c02703b\" data-element_type=\"container\" data-e-type=\"container\" data-settings=\"{&quot;background_background&quot;:&quot;classic&quot;}\">\n\t\t\t\t<div class=\"elementor-element elementor-element-362cef5 elementor-widget elementor-widget-heading\" data-id=\"362cef5\" data-element_type=\"widget\" data-e-type=\"widget\" data-widget_type=\"heading.default\">\n\t\t\t\t<div class=\"elementor-widget-container\">\n\t\t\t\t\t<h1 class=\"elementor-heading-title elementor-size-default\">Demanar Cita<\/h1>\t\t\t\t<\/div>\n\t\t\t\t<\/div>\n\t\t\t\t<div class=\"elementor-element elementor-element-c840fd4 elementor-widget elementor-widget-heading\" data-id=\"c840fd4\" data-element_type=\"widget\" data-e-type=\"widget\" data-widget_type=\"heading.default\">\n\t\t\t\t<div class=\"elementor-widget-container\">\n\t\t\t\t\t<h1 class=\"elementor-heading-title elementor-size-default\">Cita Online<\/h1>\t\t\t\t<\/div>\n\t\t\t\t<\/div>\n\t\t\t\t<\/div>\n\t\t\t\t<\/div>\n\t\t<div class=\"elementor-element elementor-element-c25445b e-flex e-con-boxed e-con e-child\" data-id=\"c25445b\" data-element_type=\"container\" data-e-type=\"container\" data-settings=\"{&quot;background_background&quot;:&quot;classic&quot;}\">\n\t\t\t\t\t<div class=\"e-con-inner\">\n\t\t<div class=\"elementor-element elementor-element-f905168 e-con-full e-flex e-con e-child\" data-id=\"f905168\" data-element_type=\"container\" data-e-type=\"container\" id=\"widget-cita-online\">\n\t\t\t\t<\/div>\n\t\t<div class=\"elementor-element elementor-element-9888bf4 e-con-full loader e-flex e-con e-child\" data-id=\"9888bf4\" data-element_type=\"container\" data-e-type=\"container\" id=\"loader-container\">\n\t\t\t\t<\/div>\n\t\t\t\t\t<\/div>\n\t\t\t\t<\/div>\n\t\t<div class=\"elementor-element elementor-element-0ac2bd8 e-con-full e-flex e-con e-child\" data-id=\"0ac2bd8\" data-element_type=\"container\" data-e-type=\"container\" data-settings=\"{&quot;background_background&quot;:&quot;classic&quot;}\">\n\t\t\t\t<div class=\"elementor-element elementor-element-015463b elementor-widget elementor-widget-html\" data-id=\"015463b\" data-element_type=\"widget\" data-e-type=\"widget\" data-widget_type=\"html.default\">\n\t\t\t\t<div class=\"elementor-widget-container\">\n\t\t\t\t\t<script type=\"text\/javascript\">\r\n      \/\/ Function to hide the loader\r\n    function hideLoader() {\r\n        jQuery('#loader-container').css('display', 'none');\r\n        \/*document.querySelector('.loading-text').style.display = 'none';*\/\r\n    }\r\n\r\n    \/\/ Check if the user is on a mobile device\r\n    function isMobile() {\r\n        return \/iPhone|iPad|iPod|Android|webOS|BlackBerry|IEMobile|Opera Mini\/i.test(navigator.userAgent);\r\n    }\r\n    \r\n  jQuery( document ).ready( function()\r\n  {\r\n    var APIKEY = \"B0FZE5O42CQW6O0ES3EG43OCTQ1RIA8P\";\r\n    var aoObject = ClienteAgendaOnline( APIKEY, '#widget-cita-online', { \"clearTargetContent\" : true, } );\r\n    \r\n    \/\/ Check if the user is on a mobile device and apply delay if true\r\n    if (isMobile()) {\r\n        \/\/ Delay hiding the loader for a few seconds (adjust the time as needed)\r\n        setTimeout(hideLoader, 20000); \/\/ Adjust the delay time (in milliseconds) as needed\r\n    } else {\r\n        \/\/ Hide the loader when the iframe has loaded or when it's ready (for desktop)\r\n        var iframe = document.getElementById('CAOInst1_IFrame');\r\n\r\n        iframe.addEventListener('load', function() {\r\n            console.log('recibido evento load del iframe');\r\n            hideLoader();\r\n        });\r\n\r\n        iframe.addEventListener('readystatechange', function() {\r\n            if (iframe.readyState === 'complete') {\r\n                console.log('recibido evento complete del iframe');\r\n                hideLoader();\r\n            }\r\n        });\r\n    }\r\n  });\r\n<\/script>\t\t\t\t<\/div>\n\t\t\t\t<\/div>\n\t\t\t\t<\/div>\n\t\t\t\t<\/div>\n\t\t\t\t<\/div>\n\t\t","protected":false},"excerpt":{"rendered":"<p>Demanar Cita Cita Online<\/p>\n","protected":false},"author":7,"featured_media":0,"parent":0,"menu_order":1,"comment_status":"closed","ping_status":"closed","template":"elementor_header_footer","meta":{"footnotes":""},"class_list":["post-16501","page","type-page","status-publish","hentry"],"yoast_head":"<!-- This site is optimized with the Yoast SEO plugin v27.6 - https:\/\/yoast.com\/product\/yoast-seo-wordpress\/ -->\n<title>Demanar Cita | Cl\u00ednica Dental Montse Timoneda<\/title>\n<meta name=\"description\" content=\"Cl\u00ednica Dental Montse Timoneda es una Eco Cl\u00ednica comprometida con la sostenibilidad. Cuidamos tu sonrisa respetando el medio ambiente.\" \/>\n<meta name=\"robots\" content=\"index, follow\" \/>\n<link rel=\"canonical\" href=\"https:\/\/clinicadentalmontsetimoneda.com\/ca\/demanar-cita\/\" \/>\n<meta property=\"og:locale\" content=\"ca_ES\" \/>\n<meta property=\"og:type\" content=\"article\" \/>\n<meta property=\"og:title\" content=\"Demanar Cita | Cl\u00ednica Dental Montse Timoneda\" \/>\n<meta property=\"og:description\" content=\"Cl\u00ednica Dental Montse Timoneda es una Eco Cl\u00ednica comprometida con la sostenibilidad. Cuidamos tu sonrisa respetando el medio ambiente.\" \/>\n<meta property=\"og:url\" content=\"https:\/\/clinicadentalmontsetimoneda.com\/ca\/demanar-cita\/\" \/>\n<meta property=\"og:site_name\" content=\"Montse Timoneda\" \/>\n<meta property=\"article:publisher\" content=\"https:\/\/es-es.facebook.com\/ClinicaDentalMontseTimoneda\/\" \/>\n<meta property=\"article:modified_time\" content=\"2025-02-20T10:14:13+00:00\" \/>\n<meta property=\"og:image\" content=\"https:\/\/clinicadentalmontsetimoneda.com\/wp-content\/uploads\/2025\/02\/pedir-cita-v.-desktop.jpg\" \/>\n<meta name=\"twitter:card\" content=\"summary_large_image\" \/>\n<script type=\"application\/ld+json\" class=\"yoast-schema-graph\">{\"@context\":\"https:\\\/\\\/schema.org\",\"@graph\":[{\"@type\":\"WebPage\",\"@id\":\"https:\\\/\\\/clinicadentalmontsetimoneda.com\\\/ca\\\/demanar-cita\\\/\",\"url\":\"https:\\\/\\\/clinicadentalmontsetimoneda.com\\\/ca\\\/demanar-cita\\\/\",\"name\":\"Demanar Cita | Cl\u00ednica Dental Montse Timoneda\",\"isPartOf\":{\"@id\":\"https:\\\/\\\/clinicadentalmontsetimoneda.com\\\/ca\\\/#website\"},\"primaryImageOfPage\":{\"@id\":\"https:\\\/\\\/clinicadentalmontsetimoneda.com\\\/ca\\\/demanar-cita\\\/#primaryimage\"},\"image\":{\"@id\":\"https:\\\/\\\/clinicadentalmontsetimoneda.com\\\/ca\\\/demanar-cita\\\/#primaryimage\"},\"thumbnailUrl\":\"https:\\\/\\\/clinicadentalmontsetimoneda.com\\\/wp-content\\\/uploads\\\/2025\\\/02\\\/pedir-cita-v.-desktop.jpg\",\"datePublished\":\"2025-02-17T08:45:52+00:00\",\"dateModified\":\"2025-02-20T10:14:13+00:00\",\"description\":\"Cl\u00ednica Dental Montse Timoneda es una Eco Cl\u00ednica comprometida con la sostenibilidad. Cuidamos tu sonrisa respetando el medio ambiente.\",\"breadcrumb\":{\"@id\":\"https:\\\/\\\/clinicadentalmontsetimoneda.com\\\/ca\\\/demanar-cita\\\/#breadcrumb\"},\"inLanguage\":\"ca\",\"potentialAction\":[{\"@type\":\"ReadAction\",\"target\":[\"https:\\\/\\\/clinicadentalmontsetimoneda.com\\\/ca\\\/demanar-cita\\\/\"]}]},{\"@type\":\"ImageObject\",\"inLanguage\":\"ca\",\"@id\":\"https:\\\/\\\/clinicadentalmontsetimoneda.com\\\/ca\\\/demanar-cita\\\/#primaryimage\",\"url\":\"https:\\\/\\\/clinicadentalmontsetimoneda.com\\\/wp-content\\\/uploads\\\/2025\\\/02\\\/pedir-cita-v.-desktop.jpg\",\"contentUrl\":\"https:\\\/\\\/clinicadentalmontsetimoneda.com\\\/wp-content\\\/uploads\\\/2025\\\/02\\\/pedir-cita-v.-desktop.jpg\"},{\"@type\":\"BreadcrumbList\",\"@id\":\"https:\\\/\\\/clinicadentalmontsetimoneda.com\\\/ca\\\/demanar-cita\\\/#breadcrumb\",\"itemListElement\":[{\"@type\":\"ListItem\",\"position\":1,\"name\":\"Portada\",\"item\":\"https:\\\/\\\/clinicadentalmontsetimoneda.com\\\/ca\\\/\"},{\"@type\":\"ListItem\",\"position\":2,\"name\":\"Demanar cita\"}]},{\"@type\":\"WebSite\",\"@id\":\"https:\\\/\\\/clinicadentalmontsetimoneda.com\\\/ca\\\/#website\",\"url\":\"https:\\\/\\\/clinicadentalmontsetimoneda.com\\\/ca\\\/\",\"name\":\"Montse Timoneda\",\"description\":\"Cl\u00ednica dental  | Tarragona\",\"publisher\":{\"@id\":\"https:\\\/\\\/clinicadentalmontsetimoneda.com\\\/ca\\\/#organization\"},\"potentialAction\":[{\"@type\":\"SearchAction\",\"target\":{\"@type\":\"EntryPoint\",\"urlTemplate\":\"https:\\\/\\\/clinicadentalmontsetimoneda.com\\\/ca\\\/?s={search_term_string}\"},\"query-input\":{\"@type\":\"PropertyValueSpecification\",\"valueRequired\":true,\"valueName\":\"search_term_string\"}}],\"inLanguage\":\"ca\"},{\"@type\":\"Organization\",\"@id\":\"https:\\\/\\\/clinicadentalmontsetimoneda.com\\\/ca\\\/#organization\",\"name\":\"Clinica Dental Montse Timoneda\",\"url\":\"https:\\\/\\\/clinicadentalmontsetimoneda.com\\\/ca\\\/\",\"logo\":{\"@type\":\"ImageObject\",\"inLanguage\":\"ca\",\"@id\":\"https:\\\/\\\/clinicadentalmontsetimoneda.com\\\/ca\\\/#\\\/schema\\\/logo\\\/image\\\/\",\"url\":\"https:\\\/\\\/clinicadentalmontsetimoneda.com\\\/wp-content\\\/uploads\\\/2024\\\/05\\\/Logo-central.svg\",\"contentUrl\":\"https:\\\/\\\/clinicadentalmontsetimoneda.com\\\/wp-content\\\/uploads\\\/2024\\\/05\\\/Logo-central.svg\",\"width\":515,\"height\":110,\"caption\":\"Clinica Dental Montse Timoneda\"},\"image\":{\"@id\":\"https:\\\/\\\/clinicadentalmontsetimoneda.com\\\/ca\\\/#\\\/schema\\\/logo\\\/image\\\/\"},\"sameAs\":[\"https:\\\/\\\/es-es.facebook.com\\\/ClinicaDentalMontseTimoneda\\\/\",\"https:\\\/\\\/www.instagram.com\\\/cd.montsetimoneda\\\/\",\"https:\\\/\\\/www.youtube.com\\\/channel\\\/UCBohbjYo6D3kp365Fs68cGw\"]}]}<\/script>\n<!-- \/ Yoast SEO plugin. -->","yoast_head_json":{"title":"Demanar Cita | Cl\u00ednica Dental Montse Timoneda","description":"Cl\u00ednica Dental Montse Timoneda es una Eco Cl\u00ednica comprometida con la sostenibilidad. Cuidamos tu sonrisa respetando el medio ambiente.","robots":{"index":"index","follow":"follow"},"canonical":"https:\/\/clinicadentalmontsetimoneda.com\/ca\/demanar-cita\/","og_locale":"ca_ES","og_type":"article","og_title":"Demanar Cita | Cl\u00ednica Dental Montse Timoneda","og_description":"Cl\u00ednica Dental Montse Timoneda es una Eco Cl\u00ednica comprometida con la sostenibilidad. Cuidamos tu sonrisa respetando el medio ambiente.","og_url":"https:\/\/clinicadentalmontsetimoneda.com\/ca\/demanar-cita\/","og_site_name":"Montse Timoneda","article_publisher":"https:\/\/es-es.facebook.com\/ClinicaDentalMontseTimoneda\/","article_modified_time":"2025-02-20T10:14:13+00:00","og_image":[{"url":"https:\/\/clinicadentalmontsetimoneda.com\/wp-content\/uploads\/2025\/02\/pedir-cita-v.-desktop.jpg","type":"","width":"","height":""}],"twitter_card":"summary_large_image","schema":{"@context":"https:\/\/schema.org","@graph":[{"@type":"WebPage","@id":"https:\/\/clinicadentalmontsetimoneda.com\/ca\/demanar-cita\/","url":"https:\/\/clinicadentalmontsetimoneda.com\/ca\/demanar-cita\/","name":"Demanar Cita | Cl\u00ednica Dental Montse Timoneda","isPartOf":{"@id":"https:\/\/clinicadentalmontsetimoneda.com\/ca\/#website"},"primaryImageOfPage":{"@id":"https:\/\/clinicadentalmontsetimoneda.com\/ca\/demanar-cita\/#primaryimage"},"image":{"@id":"https:\/\/clinicadentalmontsetimoneda.com\/ca\/demanar-cita\/#primaryimage"},"thumbnailUrl":"https:\/\/clinicadentalmontsetimoneda.com\/wp-content\/uploads\/2025\/02\/pedir-cita-v.-desktop.jpg","datePublished":"2025-02-17T08:45:52+00:00","dateModified":"2025-02-20T10:14:13+00:00","description":"Cl\u00ednica Dental Montse Timoneda es una Eco Cl\u00ednica comprometida con la sostenibilidad. Cuidamos tu sonrisa respetando el medio ambiente.","breadcrumb":{"@id":"https:\/\/clinicadentalmontsetimoneda.com\/ca\/demanar-cita\/#breadcrumb"},"inLanguage":"ca","potentialAction":[{"@type":"ReadAction","target":["https:\/\/clinicadentalmontsetimoneda.com\/ca\/demanar-cita\/"]}]},{"@type":"ImageObject","inLanguage":"ca","@id":"https:\/\/clinicadentalmontsetimoneda.com\/ca\/demanar-cita\/#primaryimage","url":"https:\/\/clinicadentalmontsetimoneda.com\/wp-content\/uploads\/2025\/02\/pedir-cita-v.-desktop.jpg","contentUrl":"https:\/\/clinicadentalmontsetimoneda.com\/wp-content\/uploads\/2025\/02\/pedir-cita-v.-desktop.jpg"},{"@type":"BreadcrumbList","@id":"https:\/\/clinicadentalmontsetimoneda.com\/ca\/demanar-cita\/#breadcrumb","itemListElement":[{"@type":"ListItem","position":1,"name":"Portada","item":"https:\/\/clinicadentalmontsetimoneda.com\/ca\/"},{"@type":"ListItem","position":2,"name":"Demanar cita"}]},{"@type":"WebSite","@id":"https:\/\/clinicadentalmontsetimoneda.com\/ca\/#website","url":"https:\/\/clinicadentalmontsetimoneda.com\/ca\/","name":"Montse Timoneda","description":"Cl\u00ednica dental  | Tarragona","publisher":{"@id":"https:\/\/clinicadentalmontsetimoneda.com\/ca\/#organization"},"potentialAction":[{"@type":"SearchAction","target":{"@type":"EntryPoint","urlTemplate":"https:\/\/clinicadentalmontsetimoneda.com\/ca\/?s={search_term_string}"},"query-input":{"@type":"PropertyValueSpecification","valueRequired":true,"valueName":"search_term_string"}}],"inLanguage":"ca"},{"@type":"Organization","@id":"https:\/\/clinicadentalmontsetimoneda.com\/ca\/#organization","name":"Clinica Dental Montse Timoneda","url":"https:\/\/clinicadentalmontsetimoneda.com\/ca\/","logo":{"@type":"ImageObject","inLanguage":"ca","@id":"https:\/\/clinicadentalmontsetimoneda.com\/ca\/#\/schema\/logo\/image\/","url":"https:\/\/clinicadentalmontsetimoneda.com\/wp-content\/uploads\/2024\/05\/Logo-central.svg","contentUrl":"https:\/\/clinicadentalmontsetimoneda.com\/wp-content\/uploads\/2024\/05\/Logo-central.svg","width":515,"height":110,"caption":"Clinica Dental Montse Timoneda"},"image":{"@id":"https:\/\/clinicadentalmontsetimoneda.com\/ca\/#\/schema\/logo\/image\/"},"sameAs":["https:\/\/es-es.facebook.com\/ClinicaDentalMontseTimoneda\/","https:\/\/www.instagram.com\/cd.montsetimoneda\/","https:\/\/www.youtube.com\/channel\/UCBohbjYo6D3kp365Fs68cGw"]}]}},"_links":{"self":[{"href":"https:\/\/clinicadentalmontsetimoneda.com\/ca\/wp-json\/wp\/v2\/pages\/16501","targetHints":{"allow":["GET"]}}],"collection":[{"href":"https:\/\/clinicadentalmontsetimoneda.com\/ca\/wp-json\/wp\/v2\/pages"}],"about":[{"href":"https:\/\/clinicadentalmontsetimoneda.com\/ca\/wp-json\/wp\/v2\/types\/page"}],"author":[{"embeddable":true,"href":"https:\/\/clinicadentalmontsetimoneda.com\/ca\/wp-json\/wp\/v2\/users\/7"}],"replies":[{"embeddable":true,"href":"https:\/\/clinicadentalmontsetimoneda.com\/ca\/wp-json\/wp\/v2\/comments?post=16501"}],"version-history":[{"count":28,"href":"https:\/\/clinicadentalmontsetimoneda.com\/ca\/wp-json\/wp\/v2\/pages\/16501\/revisions"}],"predecessor-version":[{"id":16862,"href":"https:\/\/clinicadentalmontsetimoneda.com\/ca\/wp-json\/wp\/v2\/pages\/16501\/revisions\/16862"}],"wp:attachment":[{"href":"https:\/\/clinicadentalmontsetimoneda.com\/ca\/wp-json\/wp\/v2\/media?parent=16501"}],"curies":[{"name":"wp","href":"https:\/\/api.w.org\/{rel}","templated":true}]}}