{"id":13049,"date":"2024-06-27T11:35:04","date_gmt":"2024-06-27T11:35:04","guid":{"rendered":"https:\/\/clinicadentalmontsetimoneda.plesk.myfocus.es\/?page_id=13049"},"modified":"2025-02-20T09:28:20","modified_gmt":"2025-02-20T09:28:20","slug":"periodoncia","status":"publish","type":"page","link":"https:\/\/clinicadentalmontsetimoneda.com\/ca\/odontologia-general\/periodoncia\/","title":{"rendered":"Period\u00f2ncia"},"content":{"rendered":"\t\t<div data-elementor-type=\"wp-page\" data-elementor-id=\"13049\" class=\"elementor elementor-13049 elementor-11804\" data-elementor-post-type=\"page\">\n\t\t\t\t<div class=\"elementor-element elementor-element-b409d1a e-con-full no-padding-block no-padding-inline e-flex e-con e-parent\" data-id=\"b409d1a\" data-element_type=\"container\" data-e-type=\"container\">\n\t\t<div class=\"elementor-element elementor-element-61ba08d e-con-full no-padding-block no-padding-inline e-flex e-con e-child\" data-id=\"61ba08d\" data-element_type=\"container\" data-e-type=\"container\" data-settings=\"{&quot;background_background&quot;:&quot;classic&quot;}\">\n\t\t\t\t<div class=\"elementor-element elementor-element-e418f57 elementor-widget__width-inherit elementor-widget elementor-widget-image\" data-id=\"e418f57\" data-element_type=\"widget\" data-e-type=\"widget\" data-widget_type=\"image.default\">\n\t\t\t\t<div class=\"elementor-widget-container\">\n\t\t\t\t\t\t\t\t\t\t\t\t\t\t\t<img fetchpriority=\"high\" decoding=\"async\" width=\"1020\" height=\"680\" src=\"https:\/\/clinicadentalmontsetimoneda.com\/wp-content\/uploads\/2025\/01\/Periodoncia_hero_desktop-1200x800.jpg\" class=\"attachment-large size-large wp-image-14539\" alt=\"\" srcset=\"https:\/\/clinicadentalmontsetimoneda.com\/wp-content\/uploads\/2025\/01\/Periodoncia_hero_desktop-1200x800.jpg 1200w, https:\/\/clinicadentalmontsetimoneda.com\/wp-content\/uploads\/2025\/01\/Periodoncia_hero_desktop-600x400.jpg 600w, https:\/\/clinicadentalmontsetimoneda.com\/wp-content\/uploads\/2025\/01\/Periodoncia_hero_desktop-768x512.jpg 768w, https:\/\/clinicadentalmontsetimoneda.com\/wp-content\/uploads\/2025\/01\/Periodoncia_hero_desktop-1536x1024.jpg 1536w, https:\/\/clinicadentalmontsetimoneda.com\/wp-content\/uploads\/2025\/01\/Periodoncia_hero_desktop.jpg 2000w\" sizes=\"(max-width: 1020px) 100vw, 1020px\" \/>\t\t\t\t\t\t\t\t\t\t\t\t\t\t\t<\/div>\n\t\t\t\t<\/div>\n\t\t\t\t<div class=\"elementor-element elementor-element-d227bea elementor-widget__width-inherit elementor-widget elementor-widget-image\" data-id=\"d227bea\" data-element_type=\"widget\" data-e-type=\"widget\" data-widget_type=\"image.default\">\n\t\t\t\t<div class=\"elementor-widget-container\">\n\t\t\t\t\t\t\t\t\t\t\t\t\t\t\t<img decoding=\"async\" width=\"390\" height=\"784\" src=\"https:\/\/clinicadentalmontsetimoneda.com\/wp-content\/uploads\/2025\/01\/periodoncia_hero_mobile.jpg\" class=\"attachment-large size-large wp-image-14541\" alt=\"\" srcset=\"https:\/\/clinicadentalmontsetimoneda.com\/wp-content\/uploads\/2025\/01\/periodoncia_hero_mobile.jpg 390w, https:\/\/clinicadentalmontsetimoneda.com\/wp-content\/uploads\/2025\/01\/periodoncia_hero_mobile-199x400.jpg 199w\" sizes=\"(max-width: 390px) 100vw, 390px\" \/>\t\t\t\t\t\t\t\t\t\t\t\t\t\t\t<\/div>\n\t\t\t\t<\/div>\n\t\t<div class=\"elementor-element elementor-element-506010c e-con-full e-flex e-con e-child\" data-id=\"506010c\" data-element_type=\"container\" data-e-type=\"container\" data-settings=\"{&quot;background_background&quot;:&quot;classic&quot;}\">\n\t\t\t\t<div class=\"elementor-element elementor-element-4742b98 elementor-align-left elementor-widget elementor-widget-breadcrumbs\" data-id=\"4742b98\" data-element_type=\"widget\" data-e-type=\"widget\" data-widget_type=\"breadcrumbs.default\">\n\t\t\t\t<div class=\"elementor-widget-container\">\n\t\t\t\t\t<p id=\"breadcrumbs\"><span><span><a href=\"https:\/\/clinicadentalmontsetimoneda.com\/ca\/\">Portada<\/a><\/span><\/span><\/p>\t\t\t\t<\/div>\n\t\t\t\t<\/div>\n\t\t\t\t<div class=\"elementor-element elementor-element-5ac3529 elementor-widget elementor-widget-heading\" data-id=\"5ac3529\" data-element_type=\"widget\" data-e-type=\"widget\" data-widget_type=\"heading.default\">\n\t\t\t\t<div class=\"elementor-widget-container\">\n\t\t\t\t\t<h1 class=\"elementor-heading-title elementor-size-default\">Period\u00f2ncia<\/h1>\t\t\t\t<\/div>\n\t\t\t\t<\/div>\n\t\t\t\t<div class=\"elementor-element elementor-element-6744d8f elementor-widget elementor-widget-text-editor\" data-id=\"6744d8f\" data-element_type=\"widget\" data-e-type=\"widget\" data-widget_type=\"text-editor.default\">\n\t\t\t\t<div class=\"elementor-widget-container\">\n\t\t\t\t\t\t\t\t\t<p>A la cura de les nostres genives<\/p>\t\t\t\t\t\t\t\t<\/div>\n\t\t\t\t<\/div>\n\t\t\t\t<\/div>\n\t\t\t\t<\/div>\n\t\t<div class=\"elementor-element elementor-element-9aa904f e-con-full e-flex e-con e-child\" data-id=\"9aa904f\" data-element_type=\"container\" data-e-type=\"container\" data-settings=\"{&quot;background_background&quot;:&quot;classic&quot;}\">\n\t\t\t\t<div class=\"elementor-element elementor-element-47f6b4b elementor-widget__width-initial elementor-widget elementor-widget-image\" data-id=\"47f6b4b\" data-element_type=\"widget\" data-e-type=\"widget\" data-widget_type=\"image.default\">\n\t\t\t\t<div class=\"elementor-widget-container\">\n\t\t\t\t\t\t\t\t\t\t\t\t\t\t\t<img decoding=\"async\" width=\"1500\" height=\"1000\" src=\"https:\/\/clinicadentalmontsetimoneda.com\/wp-content\/uploads\/2025\/01\/periodoncia_main.jpg\" class=\"attachment-full size-full wp-image-14543\" alt=\"\" srcset=\"https:\/\/clinicadentalmontsetimoneda.com\/wp-content\/uploads\/2025\/01\/periodoncia_main.jpg 1500w, https:\/\/clinicadentalmontsetimoneda.com\/wp-content\/uploads\/2025\/01\/periodoncia_main-600x400.jpg 600w, https:\/\/clinicadentalmontsetimoneda.com\/wp-content\/uploads\/2025\/01\/periodoncia_main-1200x800.jpg 1200w, https:\/\/clinicadentalmontsetimoneda.com\/wp-content\/uploads\/2025\/01\/periodoncia_main-768x512.jpg 768w\" sizes=\"(max-width: 1500px) 100vw, 1500px\" \/>\t\t\t\t\t\t\t\t\t\t\t\t\t\t\t<\/div>\n\t\t\t\t<\/div>\n\t\t<div class=\"elementor-element elementor-element-b39018d e-con-full e-flex e-con e-child\" data-id=\"b39018d\" data-element_type=\"container\" data-e-type=\"container\">\n\t\t\t\t<div class=\"elementor-element elementor-element-4b7935b elementor-widget elementor-widget-text-editor\" data-id=\"4b7935b\" data-element_type=\"widget\" data-e-type=\"widget\" data-widget_type=\"text-editor.default\">\n\t\t\t\t<div class=\"elementor-widget-container\">\n\t\t\t\t\t\t\t\t\t<p>La period\u00f2ncia \u00e9s l\u2019especialitat odontol\u00f2gica que tracta les malalties que afecten les genives. La no eliminaci\u00f3 de la tosca a la boca afavoreix l\u2019aparici\u00f3 de la\u00a0<strong>placa bacteriana<\/strong>\u00a0(tosca) que pot acumular-se per sota de la geniva. Les genives s\u2019inflamen a causa de la infecci\u00f3 provocada i es produeix una malaltia anomenada gingivitis. Si aquesta no \u00e9s tractada degudament o a temps pot empitjorar convertint-se en periodontitis, la forma m\u00e9s greu de les malalties de les genives.<\/p>\t\t\t\t\t\t\t\t<\/div>\n\t\t\t\t<\/div>\n\t\t\t\t<div class=\"elementor-element elementor-element-ddf42b6 elementor-widget elementor-widget-text-editor\" data-id=\"ddf42b6\" data-element_type=\"widget\" data-e-type=\"widget\" data-widget_type=\"text-editor.default\">\n\t\t\t\t<div class=\"elementor-widget-container\">\n\t\t\t\t\t\t\t\t\t<p>La\u00a0<strong>Dra. Andrea Langoyo<\/strong>\u00a0\u00e9s la nostra especialista en Period\u00f2ncia, s\u2019encarrega de vetllar per la cura de les nostres genives i de guarir-quan la malaltia periodontal ja ha aparegut.<\/p>\t\t\t\t\t\t\t\t<\/div>\n\t\t\t\t<\/div>\n\t\t\t\t<\/div>\n\t\t\t\t<\/div>\n\t\t<div class=\"elementor-element elementor-element-fe5e8cb e-con-full e-flex e-con e-child\" data-id=\"fe5e8cb\" data-element_type=\"container\" data-e-type=\"container\">\n\t\t<div class=\"elementor-element elementor-element-8434983 e-con-full e-flex e-con e-child\" data-id=\"8434983\" data-element_type=\"container\" data-e-type=\"container\">\n\t\t<div class=\"elementor-element elementor-element-1273deb e-grid e-con-full e-con e-child\" data-id=\"1273deb\" data-element_type=\"container\" data-e-type=\"container\">\n\t\t<div class=\"elementor-element elementor-element-82de4c2 e-con-full e-flex e-con e-child\" data-id=\"82de4c2\" data-element_type=\"container\" data-e-type=\"container\" data-settings=\"{&quot;background_background&quot;:&quot;classic&quot;}\">\n\t\t<div class=\"elementor-element elementor-element-e354077 e-con-full e-flex e-con e-child\" data-id=\"e354077\" data-element_type=\"container\" data-e-type=\"container\">\n\t\t\t\t<div class=\"elementor-element elementor-element-f32cdaa elementor-widget elementor-widget-text-editor\" data-id=\"f32cdaa\" data-element_type=\"widget\" data-e-type=\"widget\" data-widget_type=\"text-editor.default\">\n\t\t\t\t<div class=\"elementor-widget-container\">\n\t\t\t\t\t\t\t\t\t<p>Diagn\u00f2stic<\/p>\t\t\t\t\t\t\t\t<\/div>\n\t\t\t\t<\/div>\n\t\t\t\t<\/div>\n\t\t\t\t<div class=\"elementor-element elementor-element-355265b elementor-widget elementor-widget-text-editor\" data-id=\"355265b\" data-element_type=\"widget\" data-e-type=\"widget\" data-widget_type=\"text-editor.default\">\n\t\t\t\t<div class=\"elementor-widget-container\">\n\t\t\t\t\t\t\t\t\t<p>Per a la realitzaci\u00f3 dels tractaments periodontals s\u2019aplica un protocol espec\u00edfic d\u2019an\u00e0lisi, mesurament i diagn\u00f2stic mitjan\u00e7ant l\u2019exploraci\u00f3 de la Doctora juntament amb l\u2019ajuda d\u2019eines tecnol\u00f2giques especials abans d\u2019aplicar el tractament, amb l\u2019objectiu de conservar les dents i tot el seu entorn de forma saludables.<\/p>\t\t\t\t\t\t\t\t<\/div>\n\t\t\t\t<\/div>\n\t\t\t\t<\/div>\n\t\t<div class=\"elementor-element elementor-element-0f84f16 e-con-full e-flex e-con e-child\" data-id=\"0f84f16\" data-element_type=\"container\" data-e-type=\"container\" data-settings=\"{&quot;background_background&quot;:&quot;classic&quot;}\">\n\t\t<div class=\"elementor-element elementor-element-68828d8 e-con-full e-flex e-con e-child\" data-id=\"68828d8\" data-element_type=\"container\" data-e-type=\"container\">\n\t\t\t\t<div class=\"elementor-element elementor-element-12c2754 elementor-widget elementor-widget-text-editor\" data-id=\"12c2754\" data-element_type=\"widget\" data-e-type=\"widget\" data-widget_type=\"text-editor.default\">\n\t\t\t\t<div class=\"elementor-widget-container\">\n\t\t\t\t\t\t\t\t\t<p>Tractament<\/p>\t\t\t\t\t\t\t\t<\/div>\n\t\t\t\t<\/div>\n\t\t\t\t<\/div>\n\t\t\t\t<div class=\"elementor-element elementor-element-cda2da4 elementor-widget elementor-widget-text-editor\" data-id=\"cda2da4\" data-element_type=\"widget\" data-e-type=\"widget\" data-widget_type=\"text-editor.default\">\n\t\t\t\t<div class=\"elementor-widget-container\">\n\t\t\t\t\t\t\t\t\t<p>El tractament dependr\u00e0 de la fase en qu\u00e8 es trobi la malaltia periodontal. El primer pas \u00e9s realitzar una neteja profunda de dents i geniva, curetatge, a m\u00e9s de complementar-ho amb la prescripci\u00f3 d\u2019un tractament farmacol\u00f2gic per eliminar la infecci\u00f3. Si aquest tractament no \u00e9s suficient es procedeix a una cirurgia en la qual es realitzar\u00e0 una neteja molt m\u00e9s profunda de les genives i avaluar l\u2019estat de l\u2019os i la base de la dent. Si aquests estan danyats potser sigui necessari un injert d\u2019os o col\u00b7locar una malla que pugui ajudar a el teixit a regenerar per aix\u00ed evitar la p\u00e8rdua de la pe\u00e7a.<\/p>\t\t\t\t\t\t\t\t<\/div>\n\t\t\t\t<\/div>\n\t\t\t\t<\/div>\n\t\t\t\t<\/div>\n\t\t\t\t<\/div>\n\t\t\t\t<\/div>\n\t\t<div class=\"elementor-element elementor-element-ad72c7c e-con-full e-flex e-con e-child\" data-id=\"ad72c7c\" data-element_type=\"container\" data-e-type=\"container\" data-settings=\"{&quot;background_background&quot;:&quot;classic&quot;}\">\n\t\t<div class=\"elementor-element elementor-element-2010dd3 e-con-full e-flex e-con e-child\" data-id=\"2010dd3\" data-element_type=\"container\" data-e-type=\"container\">\n\t\t\t\t<div class=\"elementor-element elementor-element-96b9164 elementor-widget__width-inherit elementor-widget elementor-widget-heading\" data-id=\"96b9164\" data-element_type=\"widget\" data-e-type=\"widget\" data-widget_type=\"heading.default\">\n\t\t\t\t<div class=\"elementor-widget-container\">\n\t\t\t\t\t<h2 class=\"elementor-heading-title elementor-size-default\">Period\u00f2ncia: tot el que cal saber<\/h2>\t\t\t\t<\/div>\n\t\t\t\t<\/div>\n\t\t<div class=\"elementor-element elementor-element-e7d074b e-con-full e-flex e-con e-child\" data-id=\"e7d074b\" data-element_type=\"container\" data-e-type=\"container\">\n\t\t\t\t<div class=\"elementor-element elementor-element-bd611d9 elementor-widget-tablet__width-initial elementor-widget elementor-widget-video\" data-id=\"bd611d9\" data-element_type=\"widget\" data-e-type=\"widget\" data-settings=\"{&quot;youtube_url&quot;:&quot;https:\\\/\\\/www.youtube.com\\\/embed\\\/xEf7IkXknpM&quot;,&quot;video_type&quot;:&quot;youtube&quot;,&quot;controls&quot;:&quot;yes&quot;}\" data-widget_type=\"video.default\">\n\t\t\t\t<div class=\"elementor-widget-container\">\n\t\t\t\t\t\t\t<div class=\"elementor-wrapper elementor-open-inline\">\n\t\t\t<div class=\"elementor-video\"><\/div>\t\t<\/div>\n\t\t\t\t\t\t<\/div>\n\t\t\t\t<\/div>\n\t\t\t\t<div class=\"elementor-element elementor-element-5216cd0 elementor-widget-tablet__width-initial elementor-widget elementor-widget-video\" data-id=\"5216cd0\" data-element_type=\"widget\" data-e-type=\"widget\" data-settings=\"{&quot;youtube_url&quot;:&quot;https:\\\/\\\/www.youtube.com\\\/watch?v=_9zThdwHQQQ&amp;t=1s&quot;,&quot;video_type&quot;:&quot;youtube&quot;,&quot;controls&quot;:&quot;yes&quot;}\" data-widget_type=\"video.default\">\n\t\t\t\t<div class=\"elementor-widget-container\">\n\t\t\t\t\t\t\t<div class=\"elementor-wrapper elementor-open-inline\">\n\t\t\t<div class=\"elementor-video\"><\/div>\t\t<\/div>\n\t\t\t\t\t\t<\/div>\n\t\t\t\t<\/div>\n\t\t\t\t<\/div>\n\t\t\t\t<\/div>\n\t\t\t\t<\/div>\n\t\t\t\t<\/div>\n\t\t\t\t<\/div>\n\t\t","protected":false},"excerpt":{"rendered":"<p>Period\u00f2ncia A la cura de les nostres genives La period\u00f2ncia \u00e9s l\u2019especialitat odontol\u00f2gica que tracta les malalties que afecten les genives. La no eliminaci\u00f3 de la tosca a la boca afavoreix l\u2019aparici\u00f3 de la\u00a0placa bacteriana\u00a0(tosca) que pot acumular-se per sota de la geniva. Les genives s\u2019inflamen a causa de la infecci\u00f3 provocada i es produeix [&#8230;]\n","protected":false},"author":7,"featured_media":0,"parent":12972,"menu_order":1,"comment_status":"closed","ping_status":"closed","template":"elementor_header_footer","meta":{"footnotes":""},"class_list":["post-13049","page","type-page","status-publish","hentry"],"yoast_head":"<!-- This site is optimized with the Yoast SEO plugin v27.3 - https:\/\/yoast.com\/product\/yoast-seo-wordpress\/ -->\n<title>Period\u00f2ncia | Cl\u00ednica Dental Montse Timoneda<\/title>\n<meta name=\"description\" content=\"Protegeix les teves genives amb els tractaments de period\u00f2ncia de Cl\u00ednica Dental Montse Timoneda. Salut bucal integral.\" \/>\n<meta name=\"robots\" content=\"index, follow\" \/>\n<link rel=\"canonical\" href=\"https:\/\/clinicadentalmontsetimoneda.com\/ca\/odontologia-general\/periodoncia\/\" \/>\n<meta property=\"og:locale\" content=\"ca_ES\" \/>\n<meta property=\"og:type\" content=\"article\" \/>\n<meta property=\"og:title\" content=\"Period\u00f2ncia | Cl\u00ednica Dental Montse Timoneda\" \/>\n<meta property=\"og:description\" content=\"Protegeix les teves genives amb els tractaments de period\u00f2ncia de Cl\u00ednica Dental Montse Timoneda. Salut bucal integral.\" \/>\n<meta property=\"og:url\" content=\"https:\/\/clinicadentalmontsetimoneda.com\/ca\/odontologia-general\/periodoncia\/\" \/>\n<meta property=\"og:site_name\" content=\"Montse Timoneda\" \/>\n<meta property=\"article:publisher\" content=\"https:\/\/es-es.facebook.com\/ClinicaDentalMontseTimoneda\/\" \/>\n<meta property=\"article:modified_time\" content=\"2025-02-20T09:28:20+00:00\" \/>\n<meta property=\"og:image\" content=\"https:\/\/clinicadentalmontsetimoneda.com\/wp-content\/uploads\/2025\/01\/Periodoncia_hero_desktop.jpg\" \/>\n\t<meta property=\"og:image:width\" content=\"2000\" \/>\n\t<meta property=\"og:image:height\" content=\"1333\" \/>\n\t<meta property=\"og:image:type\" content=\"image\/jpeg\" \/>\n<meta name=\"twitter:card\" content=\"summary_large_image\" \/>\n<meta name=\"twitter:label1\" content=\"Temps estimat de lectura\" \/>\n\t<meta name=\"twitter:data1\" content=\"2 minuts\" \/>\n<script type=\"application\/ld+json\" class=\"yoast-schema-graph\">{\"@context\":\"https:\\\/\\\/schema.org\",\"@graph\":[{\"@type\":\"WebPage\",\"@id\":\"https:\\\/\\\/clinicadentalmontsetimoneda.com\\\/ca\\\/odontologia-general\\\/periodoncia\\\/\",\"url\":\"https:\\\/\\\/clinicadentalmontsetimoneda.com\\\/ca\\\/odontologia-general\\\/periodoncia\\\/\",\"name\":\"Period\u00f2ncia | Cl\u00ednica Dental Montse Timoneda\",\"isPartOf\":{\"@id\":\"https:\\\/\\\/clinicadentalmontsetimoneda.com\\\/ca\\\/#website\"},\"primaryImageOfPage\":{\"@id\":\"https:\\\/\\\/clinicadentalmontsetimoneda.com\\\/ca\\\/odontologia-general\\\/periodoncia\\\/#primaryimage\"},\"image\":{\"@id\":\"https:\\\/\\\/clinicadentalmontsetimoneda.com\\\/ca\\\/odontologia-general\\\/periodoncia\\\/#primaryimage\"},\"thumbnailUrl\":\"https:\\\/\\\/clinicadentalmontsetimoneda.com\\\/wp-content\\\/uploads\\\/2025\\\/01\\\/Periodoncia_hero_desktop-1200x800.jpg\",\"datePublished\":\"2024-06-27T11:35:04+00:00\",\"dateModified\":\"2025-02-20T09:28:20+00:00\",\"description\":\"Protegeix les teves genives amb els tractaments de period\u00f2ncia de Cl\u00ednica Dental Montse Timoneda. Salut bucal integral.\",\"breadcrumb\":{\"@id\":\"https:\\\/\\\/clinicadentalmontsetimoneda.com\\\/ca\\\/odontologia-general\\\/periodoncia\\\/#breadcrumb\"},\"inLanguage\":\"ca\",\"potentialAction\":[{\"@type\":\"ReadAction\",\"target\":[\"https:\\\/\\\/clinicadentalmontsetimoneda.com\\\/ca\\\/odontologia-general\\\/periodoncia\\\/\"]}]},{\"@type\":\"ImageObject\",\"inLanguage\":\"ca\",\"@id\":\"https:\\\/\\\/clinicadentalmontsetimoneda.com\\\/ca\\\/odontologia-general\\\/periodoncia\\\/#primaryimage\",\"url\":\"https:\\\/\\\/clinicadentalmontsetimoneda.com\\\/wp-content\\\/uploads\\\/2025\\\/01\\\/Periodoncia_hero_desktop-1200x800.jpg\",\"contentUrl\":\"https:\\\/\\\/clinicadentalmontsetimoneda.com\\\/wp-content\\\/uploads\\\/2025\\\/01\\\/Periodoncia_hero_desktop-1200x800.jpg\"},{\"@type\":\"BreadcrumbList\",\"@id\":\"https:\\\/\\\/clinicadentalmontsetimoneda.com\\\/ca\\\/odontologia-general\\\/periodoncia\\\/#breadcrumb\",\"itemListElement\":[{\"@type\":\"ListItem\",\"position\":1,\"name\":\"Portada\",\"item\":\"https:\\\/\\\/clinicadentalmontsetimoneda.com\\\/ca\\\/\"},{\"@type\":\"ListItem\",\"position\":2,\"name\":\"Odontologia General\",\"item\":\"https:\\\/\\\/clinicadentalmontsetimoneda.com\\\/ca\\\/odontologia-general\\\/\"},{\"@type\":\"ListItem\",\"position\":3,\"name\":\"Period\u00f2ncia\"}]},{\"@type\":\"WebSite\",\"@id\":\"https:\\\/\\\/clinicadentalmontsetimoneda.com\\\/ca\\\/#website\",\"url\":\"https:\\\/\\\/clinicadentalmontsetimoneda.com\\\/ca\\\/\",\"name\":\"Montse Timoneda\",\"description\":\"Cl\u00ednica dental  | Tarragona\",\"publisher\":{\"@id\":\"https:\\\/\\\/clinicadentalmontsetimoneda.com\\\/ca\\\/#organization\"},\"potentialAction\":[{\"@type\":\"SearchAction\",\"target\":{\"@type\":\"EntryPoint\",\"urlTemplate\":\"https:\\\/\\\/clinicadentalmontsetimoneda.com\\\/ca\\\/?s={search_term_string}\"},\"query-input\":{\"@type\":\"PropertyValueSpecification\",\"valueRequired\":true,\"valueName\":\"search_term_string\"}}],\"inLanguage\":\"ca\"},{\"@type\":\"Organization\",\"@id\":\"https:\\\/\\\/clinicadentalmontsetimoneda.com\\\/ca\\\/#organization\",\"name\":\"Clinica Dental Montse Timoneda\",\"url\":\"https:\\\/\\\/clinicadentalmontsetimoneda.com\\\/ca\\\/\",\"logo\":{\"@type\":\"ImageObject\",\"inLanguage\":\"ca\",\"@id\":\"https:\\\/\\\/clinicadentalmontsetimoneda.com\\\/ca\\\/#\\\/schema\\\/logo\\\/image\\\/\",\"url\":\"https:\\\/\\\/clinicadentalmontsetimoneda.com\\\/wp-content\\\/uploads\\\/2024\\\/05\\\/Logo-central.svg\",\"contentUrl\":\"https:\\\/\\\/clinicadentalmontsetimoneda.com\\\/wp-content\\\/uploads\\\/2024\\\/05\\\/Logo-central.svg\",\"width\":515,\"height\":110,\"caption\":\"Clinica Dental Montse Timoneda\"},\"image\":{\"@id\":\"https:\\\/\\\/clinicadentalmontsetimoneda.com\\\/ca\\\/#\\\/schema\\\/logo\\\/image\\\/\"},\"sameAs\":[\"https:\\\/\\\/es-es.facebook.com\\\/ClinicaDentalMontseTimoneda\\\/\",\"https:\\\/\\\/www.instagram.com\\\/cd.montsetimoneda\\\/\",\"https:\\\/\\\/www.youtube.com\\\/channel\\\/UCBohbjYo6D3kp365Fs68cGw\"]}]}<\/script>\n<!-- \/ Yoast SEO plugin. -->","yoast_head_json":{"title":"Period\u00f2ncia | Cl\u00ednica Dental Montse Timoneda","description":"Protegeix les teves genives amb els tractaments de period\u00f2ncia de Cl\u00ednica Dental Montse Timoneda. Salut bucal integral.","robots":{"index":"index","follow":"follow"},"canonical":"https:\/\/clinicadentalmontsetimoneda.com\/ca\/odontologia-general\/periodoncia\/","og_locale":"ca_ES","og_type":"article","og_title":"Period\u00f2ncia | Cl\u00ednica Dental Montse Timoneda","og_description":"Protegeix les teves genives amb els tractaments de period\u00f2ncia de Cl\u00ednica Dental Montse Timoneda. Salut bucal integral.","og_url":"https:\/\/clinicadentalmontsetimoneda.com\/ca\/odontologia-general\/periodoncia\/","og_site_name":"Montse Timoneda","article_publisher":"https:\/\/es-es.facebook.com\/ClinicaDentalMontseTimoneda\/","article_modified_time":"2025-02-20T09:28:20+00:00","og_image":[{"width":2000,"height":1333,"url":"https:\/\/clinicadentalmontsetimoneda.com\/wp-content\/uploads\/2025\/01\/Periodoncia_hero_desktop.jpg","type":"image\/jpeg"}],"twitter_card":"summary_large_image","twitter_misc":{"Temps estimat de lectura":"2 minuts"},"schema":{"@context":"https:\/\/schema.org","@graph":[{"@type":"WebPage","@id":"https:\/\/clinicadentalmontsetimoneda.com\/ca\/odontologia-general\/periodoncia\/","url":"https:\/\/clinicadentalmontsetimoneda.com\/ca\/odontologia-general\/periodoncia\/","name":"Period\u00f2ncia | Cl\u00ednica Dental Montse Timoneda","isPartOf":{"@id":"https:\/\/clinicadentalmontsetimoneda.com\/ca\/#website"},"primaryImageOfPage":{"@id":"https:\/\/clinicadentalmontsetimoneda.com\/ca\/odontologia-general\/periodoncia\/#primaryimage"},"image":{"@id":"https:\/\/clinicadentalmontsetimoneda.com\/ca\/odontologia-general\/periodoncia\/#primaryimage"},"thumbnailUrl":"https:\/\/clinicadentalmontsetimoneda.com\/wp-content\/uploads\/2025\/01\/Periodoncia_hero_desktop-1200x800.jpg","datePublished":"2024-06-27T11:35:04+00:00","dateModified":"2025-02-20T09:28:20+00:00","description":"Protegeix les teves genives amb els tractaments de period\u00f2ncia de Cl\u00ednica Dental Montse Timoneda. Salut bucal integral.","breadcrumb":{"@id":"https:\/\/clinicadentalmontsetimoneda.com\/ca\/odontologia-general\/periodoncia\/#breadcrumb"},"inLanguage":"ca","potentialAction":[{"@type":"ReadAction","target":["https:\/\/clinicadentalmontsetimoneda.com\/ca\/odontologia-general\/periodoncia\/"]}]},{"@type":"ImageObject","inLanguage":"ca","@id":"https:\/\/clinicadentalmontsetimoneda.com\/ca\/odontologia-general\/periodoncia\/#primaryimage","url":"https:\/\/clinicadentalmontsetimoneda.com\/wp-content\/uploads\/2025\/01\/Periodoncia_hero_desktop-1200x800.jpg","contentUrl":"https:\/\/clinicadentalmontsetimoneda.com\/wp-content\/uploads\/2025\/01\/Periodoncia_hero_desktop-1200x800.jpg"},{"@type":"BreadcrumbList","@id":"https:\/\/clinicadentalmontsetimoneda.com\/ca\/odontologia-general\/periodoncia\/#breadcrumb","itemListElement":[{"@type":"ListItem","position":1,"name":"Portada","item":"https:\/\/clinicadentalmontsetimoneda.com\/ca\/"},{"@type":"ListItem","position":2,"name":"Odontologia General","item":"https:\/\/clinicadentalmontsetimoneda.com\/ca\/odontologia-general\/"},{"@type":"ListItem","position":3,"name":"Period\u00f2ncia"}]},{"@type":"WebSite","@id":"https:\/\/clinicadentalmontsetimoneda.com\/ca\/#website","url":"https:\/\/clinicadentalmontsetimoneda.com\/ca\/","name":"Montse Timoneda","description":"Cl\u00ednica dental  | Tarragona","publisher":{"@id":"https:\/\/clinicadentalmontsetimoneda.com\/ca\/#organization"},"potentialAction":[{"@type":"SearchAction","target":{"@type":"EntryPoint","urlTemplate":"https:\/\/clinicadentalmontsetimoneda.com\/ca\/?s={search_term_string}"},"query-input":{"@type":"PropertyValueSpecification","valueRequired":true,"valueName":"search_term_string"}}],"inLanguage":"ca"},{"@type":"Organization","@id":"https:\/\/clinicadentalmontsetimoneda.com\/ca\/#organization","name":"Clinica Dental Montse Timoneda","url":"https:\/\/clinicadentalmontsetimoneda.com\/ca\/","logo":{"@type":"ImageObject","inLanguage":"ca","@id":"https:\/\/clinicadentalmontsetimoneda.com\/ca\/#\/schema\/logo\/image\/","url":"https:\/\/clinicadentalmontsetimoneda.com\/wp-content\/uploads\/2024\/05\/Logo-central.svg","contentUrl":"https:\/\/clinicadentalmontsetimoneda.com\/wp-content\/uploads\/2024\/05\/Logo-central.svg","width":515,"height":110,"caption":"Clinica Dental Montse Timoneda"},"image":{"@id":"https:\/\/clinicadentalmontsetimoneda.com\/ca\/#\/schema\/logo\/image\/"},"sameAs":["https:\/\/es-es.facebook.com\/ClinicaDentalMontseTimoneda\/","https:\/\/www.instagram.com\/cd.montsetimoneda\/","https:\/\/www.youtube.com\/channel\/UCBohbjYo6D3kp365Fs68cGw"]}]}},"_links":{"self":[{"href":"https:\/\/clinicadentalmontsetimoneda.com\/ca\/wp-json\/wp\/v2\/pages\/13049","targetHints":{"allow":["GET"]}}],"collection":[{"href":"https:\/\/clinicadentalmontsetimoneda.com\/ca\/wp-json\/wp\/v2\/pages"}],"about":[{"href":"https:\/\/clinicadentalmontsetimoneda.com\/ca\/wp-json\/wp\/v2\/types\/page"}],"author":[{"embeddable":true,"href":"https:\/\/clinicadentalmontsetimoneda.com\/ca\/wp-json\/wp\/v2\/users\/7"}],"replies":[{"embeddable":true,"href":"https:\/\/clinicadentalmontsetimoneda.com\/ca\/wp-json\/wp\/v2\/comments?post=13049"}],"version-history":[{"count":16,"href":"https:\/\/clinicadentalmontsetimoneda.com\/ca\/wp-json\/wp\/v2\/pages\/13049\/revisions"}],"predecessor-version":[{"id":16793,"href":"https:\/\/clinicadentalmontsetimoneda.com\/ca\/wp-json\/wp\/v2\/pages\/13049\/revisions\/16793"}],"up":[{"embeddable":true,"href":"https:\/\/clinicadentalmontsetimoneda.com\/ca\/wp-json\/wp\/v2\/pages\/12972"}],"wp:attachment":[{"href":"https:\/\/clinicadentalmontsetimoneda.com\/ca\/wp-json\/wp\/v2\/media?parent=13049"}],"curies":[{"name":"wp","href":"https:\/\/api.w.org\/{rel}","templated":true}]}}