{"id":13030,"date":"2024-06-27T11:36:41","date_gmt":"2024-06-27T11:36:41","guid":{"rendered":"https:\/\/clinicadentalmontsetimoneda.plesk.myfocus.es\/?page_id=13030"},"modified":"2025-02-20T11:09:18","modified_gmt":"2025-02-20T11:09:18","slug":"endodoncia","status":"publish","type":"page","link":"https:\/\/clinicadentalmontsetimoneda.com\/ca\/odontologia-general\/endodoncia\/","title":{"rendered":"Endod\u00f2ncia"},"content":{"rendered":"\t\t<div data-elementor-type=\"wp-page\" data-elementor-id=\"13030\" class=\"elementor elementor-13030 elementor-11810\" data-elementor-post-type=\"page\">\n\t\t\t\t<div class=\"elementor-element elementor-element-b409d1a e-con-full no-padding-block no-padding-inline e-flex e-con e-parent\" data-id=\"b409d1a\" data-element_type=\"container\" data-e-type=\"container\">\n\t\t<div class=\"elementor-element elementor-element-61ba08d e-con-full no-padding-block no-padding-inline e-flex e-con e-child\" data-id=\"61ba08d\" data-element_type=\"container\" data-e-type=\"container\" data-settings=\"{&quot;background_background&quot;:&quot;classic&quot;}\">\n\t\t\t\t<div class=\"elementor-element elementor-element-e418f57 elementor-widget__width-inherit elementor-widget elementor-widget-image\" data-id=\"e418f57\" data-element_type=\"widget\" data-e-type=\"widget\" data-widget_type=\"image.default\">\n\t\t\t\t<div class=\"elementor-widget-container\">\n\t\t\t\t\t\t\t\t\t\t\t\t\t\t\t<img fetchpriority=\"high\" decoding=\"async\" width=\"1020\" height=\"765\" src=\"https:\/\/clinicadentalmontsetimoneda.com\/wp-content\/uploads\/2025\/01\/endodoncia_hero_desktop-1067x800.jpeg\" class=\"attachment-large size-large wp-image-14513\" alt=\"\" srcset=\"https:\/\/clinicadentalmontsetimoneda.com\/wp-content\/uploads\/2025\/01\/endodoncia_hero_desktop-1067x800.jpeg 1067w, https:\/\/clinicadentalmontsetimoneda.com\/wp-content\/uploads\/2025\/01\/endodoncia_hero_desktop-533x400.jpeg 533w, https:\/\/clinicadentalmontsetimoneda.com\/wp-content\/uploads\/2025\/01\/endodoncia_hero_desktop-768x576.jpeg 768w, https:\/\/clinicadentalmontsetimoneda.com\/wp-content\/uploads\/2025\/01\/endodoncia_hero_desktop-1536x1152.jpeg 1536w, https:\/\/clinicadentalmontsetimoneda.com\/wp-content\/uploads\/2025\/01\/endodoncia_hero_desktop.jpeg 2016w\" sizes=\"(max-width: 1020px) 100vw, 1020px\" \/>\t\t\t\t\t\t\t\t\t\t\t\t\t\t\t<\/div>\n\t\t\t\t<\/div>\n\t\t\t\t<div class=\"elementor-element elementor-element-d227bea elementor-widget__width-inherit elementor-widget elementor-widget-image\" data-id=\"d227bea\" data-element_type=\"widget\" data-e-type=\"widget\" data-widget_type=\"image.default\">\n\t\t\t\t<div class=\"elementor-widget-container\">\n\t\t\t\t\t\t\t\t\t\t\t\t\t\t\t<img decoding=\"async\" width=\"390\" height=\"784\" src=\"https:\/\/clinicadentalmontsetimoneda.com\/wp-content\/uploads\/2025\/01\/endodoncia_hero_-mobile.jpg\" class=\"attachment-large size-large wp-image-14511\" alt=\"\" srcset=\"https:\/\/clinicadentalmontsetimoneda.com\/wp-content\/uploads\/2025\/01\/endodoncia_hero_-mobile.jpg 390w, https:\/\/clinicadentalmontsetimoneda.com\/wp-content\/uploads\/2025\/01\/endodoncia_hero_-mobile-199x400.jpg 199w\" sizes=\"(max-width: 390px) 100vw, 390px\" \/>\t\t\t\t\t\t\t\t\t\t\t\t\t\t\t<\/div>\n\t\t\t\t<\/div>\n\t\t<div class=\"elementor-element elementor-element-506010c e-con-full e-flex e-con e-child\" data-id=\"506010c\" data-element_type=\"container\" data-e-type=\"container\" data-settings=\"{&quot;background_background&quot;:&quot;classic&quot;}\">\n\t\t\t\t<div class=\"elementor-element elementor-element-4742b98 elementor-align-left elementor-widget elementor-widget-breadcrumbs\" data-id=\"4742b98\" data-element_type=\"widget\" data-e-type=\"widget\" data-widget_type=\"breadcrumbs.default\">\n\t\t\t\t<div class=\"elementor-widget-container\">\n\t\t\t\t\t<p id=\"breadcrumbs\"><span><span><a href=\"https:\/\/clinicadentalmontsetimoneda.com\/ca\/\">Portada<\/a><\/span><\/span><\/p>\t\t\t\t<\/div>\n\t\t\t\t<\/div>\n\t\t\t\t<div class=\"elementor-element elementor-element-5ac3529 elementor-widget elementor-widget-heading\" data-id=\"5ac3529\" data-element_type=\"widget\" data-e-type=\"widget\" data-widget_type=\"heading.default\">\n\t\t\t\t<div class=\"elementor-widget-container\">\n\t\t\t\t\t<h1 class=\"elementor-heading-title elementor-size-default\">Endod\u00f2ncia<\/h1>\t\t\t\t<\/div>\n\t\t\t\t<\/div>\n\t\t\t\t<div class=\"elementor-element elementor-element-6744d8f elementor-widget elementor-widget-text-editor\" data-id=\"6744d8f\" data-element_type=\"widget\" data-e-type=\"widget\" data-widget_type=\"text-editor.default\">\n\t\t\t\t<div class=\"elementor-widget-container\">\n\t\t\t\t\t\t\t\t\t<p>Una alternativa a l&#8217;extracci\u00f3<\/p>\t\t\t\t\t\t\t\t<\/div>\n\t\t\t\t<\/div>\n\t\t\t\t<\/div>\n\t\t\t\t<\/div>\n\t\t<div class=\"elementor-element elementor-element-49b669b e-con-full e-flex e-con e-child\" data-id=\"49b669b\" data-element_type=\"container\" data-e-type=\"container\" data-settings=\"{&quot;background_background&quot;:&quot;classic&quot;}\">\n\t\t\t\t<div class=\"elementor-element elementor-element-e5aa78d elementor-widget__width-initial elementor-widget elementor-widget-image\" data-id=\"e5aa78d\" data-element_type=\"widget\" data-e-type=\"widget\" data-widget_type=\"image.default\">\n\t\t\t\t<div class=\"elementor-widget-container\">\n\t\t\t\t\t\t\t\t\t\t\t\t\t\t\t<img decoding=\"async\" width=\"1008\" height=\"756\" src=\"https:\/\/clinicadentalmontsetimoneda.com\/wp-content\/uploads\/2025\/01\/endodoncia_main.jpg\" class=\"attachment-large size-large wp-image-14515\" alt=\"\" srcset=\"https:\/\/clinicadentalmontsetimoneda.com\/wp-content\/uploads\/2025\/01\/endodoncia_main.jpg 1008w, https:\/\/clinicadentalmontsetimoneda.com\/wp-content\/uploads\/2025\/01\/endodoncia_main-533x400.jpg 533w, https:\/\/clinicadentalmontsetimoneda.com\/wp-content\/uploads\/2025\/01\/endodoncia_main-768x576.jpg 768w\" sizes=\"(max-width: 1008px) 100vw, 1008px\" \/>\t\t\t\t\t\t\t\t\t\t\t\t\t\t\t<\/div>\n\t\t\t\t<\/div>\n\t\t<div class=\"elementor-element elementor-element-8fad144 e-con-full e-flex e-con e-child\" data-id=\"8fad144\" data-element_type=\"container\" data-e-type=\"container\">\n\t\t\t\t<div class=\"elementor-element elementor-element-3c61287 elementor-widget elementor-widget-text-editor\" data-id=\"3c61287\" data-element_type=\"widget\" data-e-type=\"widget\" data-widget_type=\"text-editor.default\">\n\t\t\t\t<div class=\"elementor-widget-container\">\n\t\t\t\t\t\t\t\t\t<p>Els\u00a0<strong>bacteris responsables de la c\u00e0ries<\/strong>\u00a0van deteriorant el teixit dental (esmalt, dentina, polpa) i si no s\u00f3n frenades a temps, la pe\u00e7a pot quedar completament destru\u00efda. No obstant aix\u00f2, en una situaci\u00f3 avan\u00e7ada de deteriorament, el nervi de la pe\u00e7a danyada pot quedar afectat provocant dolor al pacient, el qual no desapareixeria tot i que es realitz\u00e9s una reconstrucci\u00f3 mitjan\u00e7ant empastament.<\/p>\t\t\t\t\t\t\t\t<\/div>\n\t\t\t\t<\/div>\n\t\t\t\t<div class=\"elementor-element elementor-element-388dbd1 elementor-widget elementor-widget-text-editor\" data-id=\"388dbd1\" data-element_type=\"widget\" data-e-type=\"widget\" data-widget_type=\"text-editor.default\">\n\t\t\t\t<div class=\"elementor-widget-container\">\n\t\t\t\t\t\t\t\t\t<p>Per evitar-ho es realitza l\u00b4<strong>Endod\u00f2ncia<\/strong>, tractament que consisteix en\u00a0<strong>eliminar el teixit pulpar (nervi) de la pe\u00e7a dental i substituir-lo per un farciment inorg\u00e0nic que garanteix la hermeticitat interna<\/strong>\u00a0de la pe\u00e7a i en retorna la funci\u00f3 mastegadora i est\u00e8tica.<\/p>\t\t\t\t\t\t\t\t<\/div>\n\t\t\t\t<\/div>\n\t\t\t\t<div class=\"elementor-element elementor-element-0a94650 elementor-widget elementor-widget-text-editor\" data-id=\"0a94650\" data-element_type=\"widget\" data-e-type=\"widget\" data-widget_type=\"text-editor.default\">\n\t\t\t\t<div class=\"elementor-widget-container\">\n\t\t\t\t\t\t\t\t\t<p>La\u00a0<b>Dra. Laura Veiga<\/b>\u00a0\u00e9s la nostra especialista amb una dilatada experi\u00e8ncia en la realitzaci\u00f3 d\u2019 Endod\u00f2ncies.<\/p><p>La seva habilitat en aquesta disciplina li permet efectuar uns tractaments de m\u00e0xima qualitat als nostres pacients.<\/p>\t\t\t\t\t\t\t\t<\/div>\n\t\t\t\t<\/div>\n\t\t\t\t<\/div>\n\t\t\t\t<\/div>\n\t\t<div class=\"elementor-element elementor-element-490614f e-con-full e-flex e-con e-child\" data-id=\"490614f\" data-element_type=\"container\" data-e-type=\"container\" data-settings=\"{&quot;background_background&quot;:&quot;classic&quot;}\">\n\t\t<div class=\"elementor-element elementor-element-ecbd193 e-con-full e-flex e-con e-child\" data-id=\"ecbd193\" data-element_type=\"container\" data-e-type=\"container\">\n\t\t\t\t<div class=\"elementor-element elementor-element-5ce30e1 elementor-widget elementor-widget-heading\" data-id=\"5ce30e1\" data-element_type=\"widget\" data-e-type=\"widget\" data-widget_type=\"heading.default\">\n\t\t\t\t<div class=\"elementor-widget-container\">\n\t\t\t\t\t<h2 class=\"elementor-heading-title elementor-size-default\">Beneficis de fer una Endod\u00f2ncia a temps<\/h2>\t\t\t\t<\/div>\n\t\t\t\t<\/div>\n\t\t<div class=\"elementor-element elementor-element-2eb66e6 e-con-full e-flex e-con e-child\" data-id=\"2eb66e6\" data-element_type=\"container\" data-e-type=\"container\">\n\t\t\t\t<div class=\"elementor-element elementor-element-0dabe97 elementor-widget__width-initial elementor-widget elementor-widget-text-editor\" data-id=\"0dabe97\" data-element_type=\"widget\" data-e-type=\"widget\" data-widget_type=\"text-editor.default\">\n\t\t\t\t<div class=\"elementor-widget-container\">\n\t\t\t\t\t\t\t\t\t<ul><li>Evita la p\u00e8rdua total de la pe\u00e7a dental.<\/li><li>Retorna la funci\u00f3 mastegadora a la pe\u00e7a afectada.<\/li><li>Permet la reconstrucci\u00f3 de la dent impedint que la c\u00e0ries s\u2019 estengui a dents ve\u00efnes.<\/li><li>Elimina les mol\u00e8sties al mastegar, la sensibilitat i els calfreds.<\/li><\/ul>\t\t\t\t\t\t\t\t<\/div>\n\t\t\t\t<\/div>\n\t\t\t\t<div class=\"elementor-element elementor-element-f69e63c elementor-widget-tablet__width-initial elementor-widget elementor-widget-video\" data-id=\"f69e63c\" data-element_type=\"widget\" data-e-type=\"widget\" data-settings=\"{&quot;youtube_url&quot;:&quot;https:\\\/\\\/www.youtube.com\\\/embed\\\/Dbe2_IJ_yLg&quot;,&quot;video_type&quot;:&quot;youtube&quot;,&quot;controls&quot;:&quot;yes&quot;}\" data-widget_type=\"video.default\">\n\t\t\t\t<div class=\"elementor-widget-container\">\n\t\t\t\t\t\t\t<div class=\"elementor-wrapper elementor-open-inline\">\n\t\t\t<div class=\"elementor-video\"><\/div>\t\t<\/div>\n\t\t\t\t\t\t<\/div>\n\t\t\t\t<\/div>\n\t\t\t\t<\/div>\n\t\t\t\t<\/div>\n\t\t\t\t<\/div>\n\t\t<div class=\"elementor-element elementor-element-55a89b2 e-flex e-con-boxed e-con e-child\" data-id=\"55a89b2\" data-element_type=\"container\" data-e-type=\"container\" data-settings=\"{&quot;background_background&quot;:&quot;classic&quot;}\">\n\t\t\t\t\t<div class=\"e-con-inner\">\n\t\t<div class=\"elementor-element elementor-element-40187f5 e-con-full e-flex e-con e-child\" data-id=\"40187f5\" data-element_type=\"container\" data-e-type=\"container\" data-settings=\"{&quot;background_background&quot;:&quot;classic&quot;}\">\n\t\t\t\t<div class=\"elementor-element elementor-element-52a2328 elementor-widget elementor-widget-text-editor\" data-id=\"52a2328\" data-element_type=\"widget\" data-e-type=\"widget\" data-widget_type=\"text-editor.default\">\n\t\t\t\t<div class=\"elementor-widget-container\">\n\t\t\t\t\t\t\t\t\t<p>EXPLICA&#8217;NS ELS TEUS MOTIUS<\/p>\t\t\t\t\t\t\t\t<\/div>\n\t\t\t\t<\/div>\n\t\t\t\t<div class=\"elementor-element elementor-element-c94c95b elementor-widget__width-initial elementor-widget elementor-widget-text-editor\" data-id=\"c94c95b\" data-element_type=\"widget\" data-e-type=\"widget\" data-widget_type=\"text-editor.default\">\n\t\t\t\t<div class=\"elementor-widget-container\">\n\t\t\t\t\t\t\t\t\t<p>Demana la teva cita Ara i t\u2019 informarem sense comprom\u00eds del tractament i de com podem ajudar-te. La primera visita \u00e9s\u00a0<b>gratu\u00efta per a tu<\/b>, nom\u00e9s necessitarem una estona del teu temps.<\/p>\t\t\t\t\t\t\t\t<\/div>\n\t\t\t\t<\/div>\n\t\t\t\t<div class=\"elementor-element elementor-element-ad658a6 elementor-widget elementor-widget-button\" data-id=\"ad658a6\" data-element_type=\"widget\" data-e-type=\"widget\" data-widget_type=\"button.default\">\n\t\t\t\t<div class=\"elementor-widget-container\">\n\t\t\t\t\t\t\t\t\t<div class=\"elementor-button-wrapper\">\n\t\t\t\t\t<a class=\"elementor-button elementor-button-link elementor-size-sm\" href=\"https:\/\/clinicadentalmontsetimoneda.com\/ca\/demanar-cita\/\">\n\t\t\t\t\t\t<span class=\"elementor-button-content-wrapper\">\n\t\t\t\t\t\t<span class=\"elementor-button-icon\">\n\t\t\t\t<svg xmlns=\"http:\/\/www.w3.org\/2000\/svg\" width=\"47\" height=\"48\" viewBox=\"0 0 47 48\" fill=\"none\"><g clip-path=\"url(#clip0_2066_1867)\"><path d=\"M31.6046 28.0732L25.17 23.2473V13.4168C25.17 12.4284 24.3711 11.6294 23.3826 11.6294C22.3942 11.6294 21.5952 12.4284 21.5952 13.4168V24.1411C21.5952 24.7041 21.8598 25.235 22.3102 25.571L29.4596 30.9332C29.7813 31.1745 30.1568 31.2906 30.5303 31.2906C31.0754 31.2906 31.6117 31.0457 31.962 30.5739C32.5556 29.7855 32.3947 28.6649 31.6046 28.0732Z\" fill=\"black\"><\/path><path d=\"M23.3826 0.923096C10.6583 0.923096 0.307617 11.2738 0.307617 23.9981C0.307617 36.7224 10.6583 47.0731 23.3826 47.0731C36.1069 47.0731 46.4576 36.7224 46.4576 23.9981C46.4576 11.2738 36.1069 0.923096 23.3826 0.923096ZM23.3826 43.4984C12.6316 43.4984 3.88235 34.7492 3.88235 23.9981C3.88235 13.247 12.6316 4.49783 23.3826 4.49783C34.1355 4.49783 42.8829 13.247 42.8829 23.9981C42.8829 34.7492 34.1337 43.4984 23.3826 43.4984Z\" fill=\"black\"><\/path><\/g><defs><clipPath id=\"clip0_2066_1867\"><rect width=\"46.15\" height=\"46.15\" fill=\"white\" transform=\"translate(0.307617 0.923096)\"><\/rect><\/clipPath><\/defs><\/svg>\t\t\t<\/span>\n\t\t\t\t\t\t\t\t\t<span class=\"elementor-button-text\">Vull una cita<\/span>\n\t\t\t\t\t<\/span>\n\t\t\t\t\t<\/a>\n\t\t\t\t<\/div>\n\t\t\t\t\t\t\t\t<\/div>\n\t\t\t\t<\/div>\n\t\t\t\t<\/div>\n\t\t\t\t\t<\/div>\n\t\t\t\t<\/div>\n\t\t\t\t<\/div>\n\t\t\t\t<\/div>\n\t\t","protected":false},"excerpt":{"rendered":"<p>Endod\u00f2ncia Una alternativa a l&#8217;extracci\u00f3 Els\u00a0bacteris responsables de la c\u00e0ries\u00a0van deteriorant el teixit dental (esmalt, dentina, polpa) i si no s\u00f3n frenades a temps, la pe\u00e7a pot quedar completament destru\u00efda. No obstant aix\u00f2, en una situaci\u00f3 avan\u00e7ada de deteriorament, el nervi de la pe\u00e7a danyada pot quedar afectat provocant dolor al pacient, el qual no [&#8230;]\n","protected":false},"author":7,"featured_media":0,"parent":12972,"menu_order":1,"comment_status":"closed","ping_status":"closed","template":"elementor_header_footer","meta":{"footnotes":""},"class_list":["post-13030","page","type-page","status-publish","hentry"],"yoast_head":"<!-- This site is optimized with the Yoast SEO plugin v27.6 - https:\/\/yoast.com\/product\/yoast-seo-wordpress\/ -->\n<title>Endod\u00f2ncia | Cl\u00ednica Dental Montse Timoneda<\/title>\n<meta name=\"description\" content=\"Preserva la salut de les teves dents amb l&#039;endod\u00f2ncia de Cl\u00ednica Dental Montse Timoneda. Tractaments efectius per salvar el teu somriure.\" \/>\n<meta name=\"robots\" content=\"index, follow\" \/>\n<link rel=\"canonical\" href=\"https:\/\/clinicadentalmontsetimoneda.com\/ca\/odontologia-general\/endodoncia\/\" \/>\n<meta property=\"og:locale\" content=\"ca_ES\" \/>\n<meta property=\"og:type\" content=\"article\" \/>\n<meta property=\"og:title\" content=\"Endod\u00f2ncia | Cl\u00ednica Dental Montse Timoneda\" \/>\n<meta property=\"og:description\" content=\"Preserva la salut de les teves dents amb l&#039;endod\u00f2ncia de Cl\u00ednica Dental Montse Timoneda. Tractaments efectius per salvar el teu somriure.\" \/>\n<meta property=\"og:url\" content=\"https:\/\/clinicadentalmontsetimoneda.com\/ca\/odontologia-general\/endodoncia\/\" \/>\n<meta property=\"og:site_name\" content=\"Montse Timoneda\" \/>\n<meta property=\"article:publisher\" content=\"https:\/\/es-es.facebook.com\/ClinicaDentalMontseTimoneda\/\" \/>\n<meta property=\"article:modified_time\" content=\"2025-02-20T11:09:18+00:00\" \/>\n<meta property=\"og:image\" content=\"https:\/\/clinicadentalmontsetimoneda.com\/wp-content\/uploads\/2025\/01\/endodoncia_hero_desktop.jpeg\" \/>\n\t<meta property=\"og:image:width\" content=\"2016\" \/>\n\t<meta property=\"og:image:height\" content=\"1512\" \/>\n\t<meta property=\"og:image:type\" content=\"image\/jpeg\" \/>\n<meta name=\"twitter:card\" content=\"summary_large_image\" \/>\n<meta name=\"twitter:label1\" content=\"Temps estimat de lectura\" \/>\n\t<meta name=\"twitter:data1\" content=\"1 minut\" \/>\n<script type=\"application\/ld+json\" class=\"yoast-schema-graph\">{\"@context\":\"https:\\\/\\\/schema.org\",\"@graph\":[{\"@type\":\"WebPage\",\"@id\":\"https:\\\/\\\/clinicadentalmontsetimoneda.com\\\/ca\\\/odontologia-general\\\/endodoncia\\\/\",\"url\":\"https:\\\/\\\/clinicadentalmontsetimoneda.com\\\/ca\\\/odontologia-general\\\/endodoncia\\\/\",\"name\":\"Endod\u00f2ncia | Cl\u00ednica Dental Montse Timoneda\",\"isPartOf\":{\"@id\":\"https:\\\/\\\/clinicadentalmontsetimoneda.com\\\/ca\\\/#website\"},\"primaryImageOfPage\":{\"@id\":\"https:\\\/\\\/clinicadentalmontsetimoneda.com\\\/ca\\\/odontologia-general\\\/endodoncia\\\/#primaryimage\"},\"image\":{\"@id\":\"https:\\\/\\\/clinicadentalmontsetimoneda.com\\\/ca\\\/odontologia-general\\\/endodoncia\\\/#primaryimage\"},\"thumbnailUrl\":\"https:\\\/\\\/clinicadentalmontsetimoneda.com\\\/wp-content\\\/uploads\\\/2025\\\/01\\\/endodoncia_hero_desktop-1067x800.jpeg\",\"datePublished\":\"2024-06-27T11:36:41+00:00\",\"dateModified\":\"2025-02-20T11:09:18+00:00\",\"description\":\"Preserva la salut de les teves dents amb l'endod\u00f2ncia de Cl\u00ednica Dental Montse Timoneda. Tractaments efectius per salvar el teu somriure.\",\"breadcrumb\":{\"@id\":\"https:\\\/\\\/clinicadentalmontsetimoneda.com\\\/ca\\\/odontologia-general\\\/endodoncia\\\/#breadcrumb\"},\"inLanguage\":\"ca\",\"potentialAction\":[{\"@type\":\"ReadAction\",\"target\":[\"https:\\\/\\\/clinicadentalmontsetimoneda.com\\\/ca\\\/odontologia-general\\\/endodoncia\\\/\"]}]},{\"@type\":\"ImageObject\",\"inLanguage\":\"ca\",\"@id\":\"https:\\\/\\\/clinicadentalmontsetimoneda.com\\\/ca\\\/odontologia-general\\\/endodoncia\\\/#primaryimage\",\"url\":\"https:\\\/\\\/clinicadentalmontsetimoneda.com\\\/wp-content\\\/uploads\\\/2025\\\/01\\\/endodoncia_hero_desktop-1067x800.jpeg\",\"contentUrl\":\"https:\\\/\\\/clinicadentalmontsetimoneda.com\\\/wp-content\\\/uploads\\\/2025\\\/01\\\/endodoncia_hero_desktop-1067x800.jpeg\"},{\"@type\":\"BreadcrumbList\",\"@id\":\"https:\\\/\\\/clinicadentalmontsetimoneda.com\\\/ca\\\/odontologia-general\\\/endodoncia\\\/#breadcrumb\",\"itemListElement\":[{\"@type\":\"ListItem\",\"position\":1,\"name\":\"Portada\",\"item\":\"https:\\\/\\\/clinicadentalmontsetimoneda.com\\\/ca\\\/\"},{\"@type\":\"ListItem\",\"position\":2,\"name\":\"Odontologia General\",\"item\":\"https:\\\/\\\/clinicadentalmontsetimoneda.com\\\/ca\\\/odontologia-general\\\/\"},{\"@type\":\"ListItem\",\"position\":3,\"name\":\"Endod\u00f2ncia\"}]},{\"@type\":\"WebSite\",\"@id\":\"https:\\\/\\\/clinicadentalmontsetimoneda.com\\\/ca\\\/#website\",\"url\":\"https:\\\/\\\/clinicadentalmontsetimoneda.com\\\/ca\\\/\",\"name\":\"Montse Timoneda\",\"description\":\"Cl\u00ednica dental  | Tarragona\",\"publisher\":{\"@id\":\"https:\\\/\\\/clinicadentalmontsetimoneda.com\\\/ca\\\/#organization\"},\"potentialAction\":[{\"@type\":\"SearchAction\",\"target\":{\"@type\":\"EntryPoint\",\"urlTemplate\":\"https:\\\/\\\/clinicadentalmontsetimoneda.com\\\/ca\\\/?s={search_term_string}\"},\"query-input\":{\"@type\":\"PropertyValueSpecification\",\"valueRequired\":true,\"valueName\":\"search_term_string\"}}],\"inLanguage\":\"ca\"},{\"@type\":\"Organization\",\"@id\":\"https:\\\/\\\/clinicadentalmontsetimoneda.com\\\/ca\\\/#organization\",\"name\":\"Clinica Dental Montse Timoneda\",\"url\":\"https:\\\/\\\/clinicadentalmontsetimoneda.com\\\/ca\\\/\",\"logo\":{\"@type\":\"ImageObject\",\"inLanguage\":\"ca\",\"@id\":\"https:\\\/\\\/clinicadentalmontsetimoneda.com\\\/ca\\\/#\\\/schema\\\/logo\\\/image\\\/\",\"url\":\"https:\\\/\\\/clinicadentalmontsetimoneda.com\\\/wp-content\\\/uploads\\\/2024\\\/05\\\/Logo-central.svg\",\"contentUrl\":\"https:\\\/\\\/clinicadentalmontsetimoneda.com\\\/wp-content\\\/uploads\\\/2024\\\/05\\\/Logo-central.svg\",\"width\":515,\"height\":110,\"caption\":\"Clinica Dental Montse Timoneda\"},\"image\":{\"@id\":\"https:\\\/\\\/clinicadentalmontsetimoneda.com\\\/ca\\\/#\\\/schema\\\/logo\\\/image\\\/\"},\"sameAs\":[\"https:\\\/\\\/es-es.facebook.com\\\/ClinicaDentalMontseTimoneda\\\/\",\"https:\\\/\\\/www.instagram.com\\\/cd.montsetimoneda\\\/\",\"https:\\\/\\\/www.youtube.com\\\/channel\\\/UCBohbjYo6D3kp365Fs68cGw\"]}]}<\/script>\n<!-- \/ Yoast SEO plugin. -->","yoast_head_json":{"title":"Endod\u00f2ncia | Cl\u00ednica Dental Montse Timoneda","description":"Preserva la salut de les teves dents amb l'endod\u00f2ncia de Cl\u00ednica Dental Montse Timoneda. Tractaments efectius per salvar el teu somriure.","robots":{"index":"index","follow":"follow"},"canonical":"https:\/\/clinicadentalmontsetimoneda.com\/ca\/odontologia-general\/endodoncia\/","og_locale":"ca_ES","og_type":"article","og_title":"Endod\u00f2ncia | Cl\u00ednica Dental Montse Timoneda","og_description":"Preserva la salut de les teves dents amb l'endod\u00f2ncia de Cl\u00ednica Dental Montse Timoneda. Tractaments efectius per salvar el teu somriure.","og_url":"https:\/\/clinicadentalmontsetimoneda.com\/ca\/odontologia-general\/endodoncia\/","og_site_name":"Montse Timoneda","article_publisher":"https:\/\/es-es.facebook.com\/ClinicaDentalMontseTimoneda\/","article_modified_time":"2025-02-20T11:09:18+00:00","og_image":[{"width":2016,"height":1512,"url":"https:\/\/clinicadentalmontsetimoneda.com\/wp-content\/uploads\/2025\/01\/endodoncia_hero_desktop.jpeg","type":"image\/jpeg"}],"twitter_card":"summary_large_image","twitter_misc":{"Temps estimat de lectura":"1 minut"},"schema":{"@context":"https:\/\/schema.org","@graph":[{"@type":"WebPage","@id":"https:\/\/clinicadentalmontsetimoneda.com\/ca\/odontologia-general\/endodoncia\/","url":"https:\/\/clinicadentalmontsetimoneda.com\/ca\/odontologia-general\/endodoncia\/","name":"Endod\u00f2ncia | Cl\u00ednica Dental Montse Timoneda","isPartOf":{"@id":"https:\/\/clinicadentalmontsetimoneda.com\/ca\/#website"},"primaryImageOfPage":{"@id":"https:\/\/clinicadentalmontsetimoneda.com\/ca\/odontologia-general\/endodoncia\/#primaryimage"},"image":{"@id":"https:\/\/clinicadentalmontsetimoneda.com\/ca\/odontologia-general\/endodoncia\/#primaryimage"},"thumbnailUrl":"https:\/\/clinicadentalmontsetimoneda.com\/wp-content\/uploads\/2025\/01\/endodoncia_hero_desktop-1067x800.jpeg","datePublished":"2024-06-27T11:36:41+00:00","dateModified":"2025-02-20T11:09:18+00:00","description":"Preserva la salut de les teves dents amb l'endod\u00f2ncia de Cl\u00ednica Dental Montse Timoneda. Tractaments efectius per salvar el teu somriure.","breadcrumb":{"@id":"https:\/\/clinicadentalmontsetimoneda.com\/ca\/odontologia-general\/endodoncia\/#breadcrumb"},"inLanguage":"ca","potentialAction":[{"@type":"ReadAction","target":["https:\/\/clinicadentalmontsetimoneda.com\/ca\/odontologia-general\/endodoncia\/"]}]},{"@type":"ImageObject","inLanguage":"ca","@id":"https:\/\/clinicadentalmontsetimoneda.com\/ca\/odontologia-general\/endodoncia\/#primaryimage","url":"https:\/\/clinicadentalmontsetimoneda.com\/wp-content\/uploads\/2025\/01\/endodoncia_hero_desktop-1067x800.jpeg","contentUrl":"https:\/\/clinicadentalmontsetimoneda.com\/wp-content\/uploads\/2025\/01\/endodoncia_hero_desktop-1067x800.jpeg"},{"@type":"BreadcrumbList","@id":"https:\/\/clinicadentalmontsetimoneda.com\/ca\/odontologia-general\/endodoncia\/#breadcrumb","itemListElement":[{"@type":"ListItem","position":1,"name":"Portada","item":"https:\/\/clinicadentalmontsetimoneda.com\/ca\/"},{"@type":"ListItem","position":2,"name":"Odontologia General","item":"https:\/\/clinicadentalmontsetimoneda.com\/ca\/odontologia-general\/"},{"@type":"ListItem","position":3,"name":"Endod\u00f2ncia"}]},{"@type":"WebSite","@id":"https:\/\/clinicadentalmontsetimoneda.com\/ca\/#website","url":"https:\/\/clinicadentalmontsetimoneda.com\/ca\/","name":"Montse Timoneda","description":"Cl\u00ednica dental  | Tarragona","publisher":{"@id":"https:\/\/clinicadentalmontsetimoneda.com\/ca\/#organization"},"potentialAction":[{"@type":"SearchAction","target":{"@type":"EntryPoint","urlTemplate":"https:\/\/clinicadentalmontsetimoneda.com\/ca\/?s={search_term_string}"},"query-input":{"@type":"PropertyValueSpecification","valueRequired":true,"valueName":"search_term_string"}}],"inLanguage":"ca"},{"@type":"Organization","@id":"https:\/\/clinicadentalmontsetimoneda.com\/ca\/#organization","name":"Clinica Dental Montse Timoneda","url":"https:\/\/clinicadentalmontsetimoneda.com\/ca\/","logo":{"@type":"ImageObject","inLanguage":"ca","@id":"https:\/\/clinicadentalmontsetimoneda.com\/ca\/#\/schema\/logo\/image\/","url":"https:\/\/clinicadentalmontsetimoneda.com\/wp-content\/uploads\/2024\/05\/Logo-central.svg","contentUrl":"https:\/\/clinicadentalmontsetimoneda.com\/wp-content\/uploads\/2024\/05\/Logo-central.svg","width":515,"height":110,"caption":"Clinica Dental Montse Timoneda"},"image":{"@id":"https:\/\/clinicadentalmontsetimoneda.com\/ca\/#\/schema\/logo\/image\/"},"sameAs":["https:\/\/es-es.facebook.com\/ClinicaDentalMontseTimoneda\/","https:\/\/www.instagram.com\/cd.montsetimoneda\/","https:\/\/www.youtube.com\/channel\/UCBohbjYo6D3kp365Fs68cGw"]}]}},"_links":{"self":[{"href":"https:\/\/clinicadentalmontsetimoneda.com\/ca\/wp-json\/wp\/v2\/pages\/13030","targetHints":{"allow":["GET"]}}],"collection":[{"href":"https:\/\/clinicadentalmontsetimoneda.com\/ca\/wp-json\/wp\/v2\/pages"}],"about":[{"href":"https:\/\/clinicadentalmontsetimoneda.com\/ca\/wp-json\/wp\/v2\/types\/page"}],"author":[{"embeddable":true,"href":"https:\/\/clinicadentalmontsetimoneda.com\/ca\/wp-json\/wp\/v2\/users\/7"}],"replies":[{"embeddable":true,"href":"https:\/\/clinicadentalmontsetimoneda.com\/ca\/wp-json\/wp\/v2\/comments?post=13030"}],"version-history":[{"count":19,"href":"https:\/\/clinicadentalmontsetimoneda.com\/ca\/wp-json\/wp\/v2\/pages\/13030\/revisions"}],"predecessor-version":[{"id":16934,"href":"https:\/\/clinicadentalmontsetimoneda.com\/ca\/wp-json\/wp\/v2\/pages\/13030\/revisions\/16934"}],"up":[{"embeddable":true,"href":"https:\/\/clinicadentalmontsetimoneda.com\/ca\/wp-json\/wp\/v2\/pages\/12972"}],"wp:attachment":[{"href":"https:\/\/clinicadentalmontsetimoneda.com\/ca\/wp-json\/wp\/v2\/media?parent=13030"}],"curies":[{"name":"wp","href":"https:\/\/api.w.org\/{rel}","templated":true}]}}