{"id":12989,"date":"2024-07-19T09:12:29","date_gmt":"2024-07-19T09:12:29","guid":{"rendered":"https:\/\/clinicadentalmontsetimoneda.plesk.myfocus.es\/?page_id=12989"},"modified":"2025-02-20T10:50:26","modified_gmt":"2025-02-20T10:50:26","slug":"financament","status":"publish","type":"page","link":"https:\/\/clinicadentalmontsetimoneda.com\/ca\/financament\/","title":{"rendered":"Finan\u00e7ament"},"content":{"rendered":"\t\t<div data-elementor-type=\"wp-page\" data-elementor-id=\"12989\" class=\"elementor elementor-12989 elementor-11779\" data-elementor-post-type=\"page\">\n\t\t\t\t<div class=\"elementor-element elementor-element-b409d1a e-con-full no-padding-block no-padding-inline e-flex e-con e-parent\" data-id=\"b409d1a\" data-element_type=\"container\" data-e-type=\"container\">\n\t\t<div class=\"elementor-element elementor-element-550925e e-con-full no-padding-block no-padding-inline e-flex e-con e-child\" data-id=\"550925e\" data-element_type=\"container\" data-e-type=\"container\" data-settings=\"{&quot;background_background&quot;:&quot;classic&quot;}\">\n\t\t\t\t<div class=\"elementor-element elementor-element-1690748 elementor-widget__width-inherit elementor-widget elementor-widget-image\" data-id=\"1690748\" data-element_type=\"widget\" data-e-type=\"widget\" data-widget_type=\"image.default\">\n\t\t\t\t<div class=\"elementor-widget-container\">\n\t\t\t\t\t\t\t\t\t\t\t\t\t\t\t<img fetchpriority=\"high\" decoding=\"async\" width=\"1020\" height=\"680\" src=\"https:\/\/clinicadentalmontsetimoneda.com\/wp-content\/uploads\/2024\/09\/financiacion_hero-1200x800.jpg\" class=\"attachment-large size-large wp-image-13552\" alt=\"\" srcset=\"https:\/\/clinicadentalmontsetimoneda.com\/wp-content\/uploads\/2024\/09\/financiacion_hero-1200x800.jpg 1200w, https:\/\/clinicadentalmontsetimoneda.com\/wp-content\/uploads\/2024\/09\/financiacion_hero-600x400.jpg 600w, https:\/\/clinicadentalmontsetimoneda.com\/wp-content\/uploads\/2024\/09\/financiacion_hero-768x512.jpg 768w, https:\/\/clinicadentalmontsetimoneda.com\/wp-content\/uploads\/2024\/09\/financiacion_hero-1536x1024.jpg 1536w, https:\/\/clinicadentalmontsetimoneda.com\/wp-content\/uploads\/2024\/09\/financiacion_hero-2048x1365.jpg 2048w\" sizes=\"(max-width: 1020px) 100vw, 1020px\" \/>\t\t\t\t\t\t\t\t\t\t\t\t\t\t\t<\/div>\n\t\t\t\t<\/div>\n\t\t\t\t<div class=\"elementor-element elementor-element-d2659a6 elementor-widget__width-inherit elementor-widget elementor-widget-image\" data-id=\"d2659a6\" data-element_type=\"widget\" data-e-type=\"widget\" data-widget_type=\"image.default\">\n\t\t\t\t<div class=\"elementor-widget-container\">\n\t\t\t\t\t\t\t\t\t\t\t\t\t\t\t<img decoding=\"async\" width=\"390\" height=\"784\" src=\"https:\/\/clinicadentalmontsetimoneda.com\/wp-content\/uploads\/2024\/09\/financiacion_hero_mobile.jpg\" class=\"attachment-large size-large wp-image-13557\" alt=\"\" srcset=\"https:\/\/clinicadentalmontsetimoneda.com\/wp-content\/uploads\/2024\/09\/financiacion_hero_mobile.jpg 390w, https:\/\/clinicadentalmontsetimoneda.com\/wp-content\/uploads\/2024\/09\/financiacion_hero_mobile-199x400.jpg 199w\" sizes=\"(max-width: 390px) 100vw, 390px\" \/>\t\t\t\t\t\t\t\t\t\t\t\t\t\t\t<\/div>\n\t\t\t\t<\/div>\n\t\t<div class=\"elementor-element elementor-element-c02703b e-con-full e-flex e-con e-child\" data-id=\"c02703b\" data-element_type=\"container\" data-e-type=\"container\" data-settings=\"{&quot;background_background&quot;:&quot;classic&quot;}\">\n\t\t\t\t<div class=\"elementor-element elementor-element-1523a45 elementor-align-left elementor-widget elementor-widget-breadcrumbs\" data-id=\"1523a45\" data-element_type=\"widget\" data-e-type=\"widget\" data-widget_type=\"breadcrumbs.default\">\n\t\t\t\t<div class=\"elementor-widget-container\">\n\t\t\t\t\t<p id=\"breadcrumbs\"><span><span><a href=\"https:\/\/clinicadentalmontsetimoneda.com\/ca\/\">Portada<\/a><\/span><\/span><\/p>\t\t\t\t<\/div>\n\t\t\t\t<\/div>\n\t\t\t\t<div class=\"elementor-element elementor-element-362cef5 elementor-widget elementor-widget-heading\" data-id=\"362cef5\" data-element_type=\"widget\" data-e-type=\"widget\" data-widget_type=\"heading.default\">\n\t\t\t\t<div class=\"elementor-widget-container\">\n\t\t\t\t\t<h1 class=\"elementor-heading-title elementor-size-default\">Finan\u00e7ament<\/h1>\t\t\t\t<\/div>\n\t\t\t\t<\/div>\n\t\t\t\t<div class=\"elementor-element elementor-element-cae00c7 elementor-widget elementor-widget-heading\" data-id=\"cae00c7\" data-element_type=\"widget\" data-e-type=\"widget\" data-widget_type=\"heading.default\">\n\t\t\t\t<div class=\"elementor-widget-container\">\n\t\t\t\t\t<h3 class=\"elementor-heading-title elementor-size-default\">la teva salut en primer lloc<\/h3>\t\t\t\t<\/div>\n\t\t\t\t<\/div>\n\t\t\t\t<\/div>\n\t\t\t\t<\/div>\n\t\t<div class=\"elementor-element elementor-element-9b8e91a e-con-full e-flex e-con e-child\" data-id=\"9b8e91a\" data-element_type=\"container\" data-e-type=\"container\" data-settings=\"{&quot;background_background&quot;:&quot;classic&quot;}\">\n\t\t<div class=\"elementor-element elementor-element-1401114 e-flex e-con-boxed e-con e-child\" data-id=\"1401114\" data-element_type=\"container\" data-e-type=\"container\">\n\t\t\t\t\t<div class=\"e-con-inner\">\n\t\t\t\t<div class=\"elementor-element elementor-element-a273d57 elementor-widget elementor-widget-text-editor\" data-id=\"a273d57\" data-element_type=\"widget\" data-e-type=\"widget\" data-widget_type=\"text-editor.default\">\n\t\t\t\t<div class=\"elementor-widget-container\">\n\t\t\t\t\t\t\t\t\t<p>Et financem qualsevol tractament fins als 36 mesos\u00a0<b>Sense Interessos.<\/b>\u00a0Visita\u2019ns i t\u2019informarem de les opcions que millor s\u2019ajustin a la teva butxaca.<\/p><p>Cuidar la teva boca i dentadura va m\u00e9s enll\u00e0 de ser un assumpte merament est\u00e8tic, \u00e9s una q\u00fcesti\u00f3 de salut de primer ordre. Per aix\u00f2, a\u00a0<b>Montse Timoneda Cl\u00ednica Dental,<\/b>\u00a0en el seu anhel d\u2019aconseguir que la salut dental estigui a l\u2019abast de tots, oferim un ampli ventall de possibilitats de finan\u00e7ament, a curt, mitj\u00e0 o llarg termini, segons les teves necessitats i prefer\u00e8ncies, gestionant per a tu tots els tr\u00e0mits amb l\u2019entitat financera ,\u00a0<b>perqu\u00e8 nom\u00e9s pensis en el teu somriure.<\/b><\/p>\t\t\t\t\t\t\t\t<\/div>\n\t\t\t\t<\/div>\n\t\t\t\t\t<\/div>\n\t\t\t\t<\/div>\n\t\t\t\t<\/div>\n\t\t<div class=\"elementor-element elementor-element-55a89b2 e-flex e-con-boxed e-con e-child\" data-id=\"55a89b2\" data-element_type=\"container\" data-e-type=\"container\" data-settings=\"{&quot;background_background&quot;:&quot;classic&quot;}\">\n\t\t\t\t\t<div class=\"e-con-inner\">\n\t\t<div class=\"elementor-element elementor-element-40187f5 e-con-full e-flex e-con e-child\" data-id=\"40187f5\" data-element_type=\"container\" data-e-type=\"container\" data-settings=\"{&quot;background_background&quot;:&quot;classic&quot;}\">\n\t\t\t\t<div class=\"elementor-element elementor-element-52a2328 elementor-widget elementor-widget-text-editor\" data-id=\"52a2328\" data-element_type=\"widget\" data-e-type=\"widget\" data-widget_type=\"text-editor.default\">\n\t\t\t\t<div class=\"elementor-widget-container\">\n\t\t\t\t\t\t\t\t\t<p>EXPLICA&#8217;NS ELS TEUS MOTIUS<\/p>\t\t\t\t\t\t\t\t<\/div>\n\t\t\t\t<\/div>\n\t\t\t\t<div class=\"elementor-element elementor-element-c94c95b elementor-widget__width-initial elementor-widget elementor-widget-text-editor\" data-id=\"c94c95b\" data-element_type=\"widget\" data-e-type=\"widget\" data-widget_type=\"text-editor.default\">\n\t\t\t\t<div class=\"elementor-widget-container\">\n\t\t\t\t\t\t\t\t\t<p>Demana la teva cita Ara i t&#8217;informarem sense comprom\u00eds del tractament i de com et podem ajudar. Posa&#8217;t en m\u00e0 d&#8217;uns grans professionals, nom\u00e9s cal una estona del teu temps.<\/p>\t\t\t\t\t\t\t\t<\/div>\n\t\t\t\t<\/div>\n\t\t\t\t<div class=\"elementor-element elementor-element-ad658a6 elementor-widget elementor-widget-button\" data-id=\"ad658a6\" data-element_type=\"widget\" data-e-type=\"widget\" data-widget_type=\"button.default\">\n\t\t\t\t<div class=\"elementor-widget-container\">\n\t\t\t\t\t\t\t\t\t<div class=\"elementor-button-wrapper\">\n\t\t\t\t\t<a class=\"elementor-button elementor-button-link elementor-size-sm\" href=\"https:\/\/clinicadentalmontsetimoneda.com\/ca\/demanar-cita\/\">\n\t\t\t\t\t\t<span class=\"elementor-button-content-wrapper\">\n\t\t\t\t\t\t<span class=\"elementor-button-icon\">\n\t\t\t\t<svg xmlns=\"http:\/\/www.w3.org\/2000\/svg\" width=\"47\" height=\"48\" viewBox=\"0 0 47 48\" fill=\"none\"><g clip-path=\"url(#clip0_2066_1867)\"><path d=\"M31.6046 28.0732L25.17 23.2473V13.4168C25.17 12.4284 24.3711 11.6294 23.3826 11.6294C22.3942 11.6294 21.5952 12.4284 21.5952 13.4168V24.1411C21.5952 24.7041 21.8598 25.235 22.3102 25.571L29.4596 30.9332C29.7813 31.1745 30.1568 31.2906 30.5303 31.2906C31.0754 31.2906 31.6117 31.0457 31.962 30.5739C32.5556 29.7855 32.3947 28.6649 31.6046 28.0732Z\" fill=\"black\"><\/path><path d=\"M23.3826 0.923096C10.6583 0.923096 0.307617 11.2738 0.307617 23.9981C0.307617 36.7224 10.6583 47.0731 23.3826 47.0731C36.1069 47.0731 46.4576 36.7224 46.4576 23.9981C46.4576 11.2738 36.1069 0.923096 23.3826 0.923096ZM23.3826 43.4984C12.6316 43.4984 3.88235 34.7492 3.88235 23.9981C3.88235 13.247 12.6316 4.49783 23.3826 4.49783C34.1355 4.49783 42.8829 13.247 42.8829 23.9981C42.8829 34.7492 34.1337 43.4984 23.3826 43.4984Z\" fill=\"black\"><\/path><\/g><defs><clipPath id=\"clip0_2066_1867\"><rect width=\"46.15\" height=\"46.15\" fill=\"white\" transform=\"translate(0.307617 0.923096)\"><\/rect><\/clipPath><\/defs><\/svg>\t\t\t<\/span>\n\t\t\t\t\t\t\t\t\t<span class=\"elementor-button-text\">Vull una cita<\/span>\n\t\t\t\t\t<\/span>\n\t\t\t\t\t<\/a>\n\t\t\t\t<\/div>\n\t\t\t\t\t\t\t\t<\/div>\n\t\t\t\t<\/div>\n\t\t\t\t<\/div>\n\t\t\t\t\t<\/div>\n\t\t\t\t<\/div>\n\t\t\t\t<\/div>\n\t\t\t\t<\/div>\n\t\t","protected":false},"excerpt":{"rendered":"<p>Finan\u00e7ament la teva salut en primer lloc Et financem qualsevol tractament fins als 36 mesos\u00a0Sense Interessos.\u00a0Visita\u2019ns i t\u2019informarem de les opcions que millor s\u2019ajustin a la teva butxaca. Cuidar la teva boca i dentadura va m\u00e9s enll\u00e0 de ser un assumpte merament est\u00e8tic, \u00e9s una q\u00fcesti\u00f3 de salut de primer ordre. Per aix\u00f2, a\u00a0Montse Timoneda [&#8230;]\n","protected":false},"author":7,"featured_media":0,"parent":0,"menu_order":1,"comment_status":"closed","ping_status":"closed","template":"elementor_header_footer","meta":{"footnotes":""},"class_list":["post-12989","page","type-page","status-publish","hentry"],"yoast_head":"<!-- This site is optimized with the Yoast SEO plugin v27.3 - https:\/\/yoast.com\/product\/yoast-seo-wordpress\/ -->\n<title>Finan\u00e7ament | Cl\u00ednica Dental Montse Timoneda<\/title>\n<meta name=\"description\" content=\"Descobreix les opcions de finan\u00e7ament de Cl\u00ednica Dental Montse Timoneda. Cuida la teva salut dental amb pagaments c\u00f2modes i flexibles.\" \/>\n<meta name=\"robots\" content=\"index, follow\" \/>\n<link rel=\"canonical\" href=\"https:\/\/clinicadentalmontsetimoneda.com\/ca\/financament\/\" \/>\n<meta property=\"og:locale\" content=\"ca_ES\" \/>\n<meta property=\"og:type\" content=\"article\" \/>\n<meta property=\"og:title\" content=\"Finan\u00e7ament | Cl\u00ednica Dental Montse Timoneda\" \/>\n<meta property=\"og:description\" content=\"Descobreix les opcions de finan\u00e7ament de Cl\u00ednica Dental Montse Timoneda. Cuida la teva salut dental amb pagaments c\u00f2modes i flexibles.\" \/>\n<meta property=\"og:url\" content=\"https:\/\/clinicadentalmontsetimoneda.com\/ca\/financament\/\" \/>\n<meta property=\"og:site_name\" content=\"Montse Timoneda\" \/>\n<meta property=\"article:publisher\" content=\"https:\/\/es-es.facebook.com\/ClinicaDentalMontseTimoneda\/\" \/>\n<meta property=\"article:modified_time\" content=\"2025-02-20T10:50:26+00:00\" \/>\n<meta property=\"og:image\" content=\"https:\/\/clinicadentalmontsetimoneda.com\/wp-content\/uploads\/2024\/09\/financiacion_hero-scaled.jpg\" \/>\n\t<meta property=\"og:image:width\" content=\"2560\" \/>\n\t<meta property=\"og:image:height\" content=\"1707\" \/>\n\t<meta property=\"og:image:type\" content=\"image\/jpeg\" \/>\n<meta name=\"twitter:card\" content=\"summary_large_image\" \/>\n<meta name=\"twitter:label1\" content=\"Temps estimat de lectura\" \/>\n\t<meta name=\"twitter:data1\" content=\"1 minut\" \/>\n<script type=\"application\/ld+json\" class=\"yoast-schema-graph\">{\"@context\":\"https:\\\/\\\/schema.org\",\"@graph\":[{\"@type\":\"WebPage\",\"@id\":\"https:\\\/\\\/clinicadentalmontsetimoneda.com\\\/ca\\\/financament\\\/\",\"url\":\"https:\\\/\\\/clinicadentalmontsetimoneda.com\\\/ca\\\/financament\\\/\",\"name\":\"Finan\u00e7ament | Cl\u00ednica Dental Montse Timoneda\",\"isPartOf\":{\"@id\":\"https:\\\/\\\/clinicadentalmontsetimoneda.com\\\/ca\\\/#website\"},\"primaryImageOfPage\":{\"@id\":\"https:\\\/\\\/clinicadentalmontsetimoneda.com\\\/ca\\\/financament\\\/#primaryimage\"},\"image\":{\"@id\":\"https:\\\/\\\/clinicadentalmontsetimoneda.com\\\/ca\\\/financament\\\/#primaryimage\"},\"thumbnailUrl\":\"https:\\\/\\\/clinicadentalmontsetimoneda.com\\\/wp-content\\\/uploads\\\/2024\\\/09\\\/financiacion_hero-1200x800.jpg\",\"datePublished\":\"2024-07-19T09:12:29+00:00\",\"dateModified\":\"2025-02-20T10:50:26+00:00\",\"description\":\"Descobreix les opcions de finan\u00e7ament de Cl\u00ednica Dental Montse Timoneda. Cuida la teva salut dental amb pagaments c\u00f2modes i flexibles.\",\"breadcrumb\":{\"@id\":\"https:\\\/\\\/clinicadentalmontsetimoneda.com\\\/ca\\\/financament\\\/#breadcrumb\"},\"inLanguage\":\"ca\",\"potentialAction\":[{\"@type\":\"ReadAction\",\"target\":[\"https:\\\/\\\/clinicadentalmontsetimoneda.com\\\/ca\\\/financament\\\/\"]}]},{\"@type\":\"ImageObject\",\"inLanguage\":\"ca\",\"@id\":\"https:\\\/\\\/clinicadentalmontsetimoneda.com\\\/ca\\\/financament\\\/#primaryimage\",\"url\":\"https:\\\/\\\/clinicadentalmontsetimoneda.com\\\/wp-content\\\/uploads\\\/2024\\\/09\\\/financiacion_hero-1200x800.jpg\",\"contentUrl\":\"https:\\\/\\\/clinicadentalmontsetimoneda.com\\\/wp-content\\\/uploads\\\/2024\\\/09\\\/financiacion_hero-1200x800.jpg\"},{\"@type\":\"BreadcrumbList\",\"@id\":\"https:\\\/\\\/clinicadentalmontsetimoneda.com\\\/ca\\\/financament\\\/#breadcrumb\",\"itemListElement\":[{\"@type\":\"ListItem\",\"position\":1,\"name\":\"Portada\",\"item\":\"https:\\\/\\\/clinicadentalmontsetimoneda.com\\\/ca\\\/\"},{\"@type\":\"ListItem\",\"position\":2,\"name\":\"Finan\u00e7ament\"}]},{\"@type\":\"WebSite\",\"@id\":\"https:\\\/\\\/clinicadentalmontsetimoneda.com\\\/ca\\\/#website\",\"url\":\"https:\\\/\\\/clinicadentalmontsetimoneda.com\\\/ca\\\/\",\"name\":\"Montse Timoneda\",\"description\":\"Cl\u00ednica dental  | Tarragona\",\"publisher\":{\"@id\":\"https:\\\/\\\/clinicadentalmontsetimoneda.com\\\/ca\\\/#organization\"},\"potentialAction\":[{\"@type\":\"SearchAction\",\"target\":{\"@type\":\"EntryPoint\",\"urlTemplate\":\"https:\\\/\\\/clinicadentalmontsetimoneda.com\\\/ca\\\/?s={search_term_string}\"},\"query-input\":{\"@type\":\"PropertyValueSpecification\",\"valueRequired\":true,\"valueName\":\"search_term_string\"}}],\"inLanguage\":\"ca\"},{\"@type\":\"Organization\",\"@id\":\"https:\\\/\\\/clinicadentalmontsetimoneda.com\\\/ca\\\/#organization\",\"name\":\"Clinica Dental Montse Timoneda\",\"url\":\"https:\\\/\\\/clinicadentalmontsetimoneda.com\\\/ca\\\/\",\"logo\":{\"@type\":\"ImageObject\",\"inLanguage\":\"ca\",\"@id\":\"https:\\\/\\\/clinicadentalmontsetimoneda.com\\\/ca\\\/#\\\/schema\\\/logo\\\/image\\\/\",\"url\":\"https:\\\/\\\/clinicadentalmontsetimoneda.com\\\/wp-content\\\/uploads\\\/2024\\\/05\\\/Logo-central.svg\",\"contentUrl\":\"https:\\\/\\\/clinicadentalmontsetimoneda.com\\\/wp-content\\\/uploads\\\/2024\\\/05\\\/Logo-central.svg\",\"width\":515,\"height\":110,\"caption\":\"Clinica Dental Montse Timoneda\"},\"image\":{\"@id\":\"https:\\\/\\\/clinicadentalmontsetimoneda.com\\\/ca\\\/#\\\/schema\\\/logo\\\/image\\\/\"},\"sameAs\":[\"https:\\\/\\\/es-es.facebook.com\\\/ClinicaDentalMontseTimoneda\\\/\",\"https:\\\/\\\/www.instagram.com\\\/cd.montsetimoneda\\\/\",\"https:\\\/\\\/www.youtube.com\\\/channel\\\/UCBohbjYo6D3kp365Fs68cGw\"]}]}<\/script>\n<!-- \/ Yoast SEO plugin. -->","yoast_head_json":{"title":"Finan\u00e7ament | Cl\u00ednica Dental Montse Timoneda","description":"Descobreix les opcions de finan\u00e7ament de Cl\u00ednica Dental Montse Timoneda. Cuida la teva salut dental amb pagaments c\u00f2modes i flexibles.","robots":{"index":"index","follow":"follow"},"canonical":"https:\/\/clinicadentalmontsetimoneda.com\/ca\/financament\/","og_locale":"ca_ES","og_type":"article","og_title":"Finan\u00e7ament | Cl\u00ednica Dental Montse Timoneda","og_description":"Descobreix les opcions de finan\u00e7ament de Cl\u00ednica Dental Montse Timoneda. Cuida la teva salut dental amb pagaments c\u00f2modes i flexibles.","og_url":"https:\/\/clinicadentalmontsetimoneda.com\/ca\/financament\/","og_site_name":"Montse Timoneda","article_publisher":"https:\/\/es-es.facebook.com\/ClinicaDentalMontseTimoneda\/","article_modified_time":"2025-02-20T10:50:26+00:00","og_image":[{"width":2560,"height":1707,"url":"https:\/\/clinicadentalmontsetimoneda.com\/wp-content\/uploads\/2024\/09\/financiacion_hero-scaled.jpg","type":"image\/jpeg"}],"twitter_card":"summary_large_image","twitter_misc":{"Temps estimat de lectura":"1 minut"},"schema":{"@context":"https:\/\/schema.org","@graph":[{"@type":"WebPage","@id":"https:\/\/clinicadentalmontsetimoneda.com\/ca\/financament\/","url":"https:\/\/clinicadentalmontsetimoneda.com\/ca\/financament\/","name":"Finan\u00e7ament | Cl\u00ednica Dental Montse Timoneda","isPartOf":{"@id":"https:\/\/clinicadentalmontsetimoneda.com\/ca\/#website"},"primaryImageOfPage":{"@id":"https:\/\/clinicadentalmontsetimoneda.com\/ca\/financament\/#primaryimage"},"image":{"@id":"https:\/\/clinicadentalmontsetimoneda.com\/ca\/financament\/#primaryimage"},"thumbnailUrl":"https:\/\/clinicadentalmontsetimoneda.com\/wp-content\/uploads\/2024\/09\/financiacion_hero-1200x800.jpg","datePublished":"2024-07-19T09:12:29+00:00","dateModified":"2025-02-20T10:50:26+00:00","description":"Descobreix les opcions de finan\u00e7ament de Cl\u00ednica Dental Montse Timoneda. Cuida la teva salut dental amb pagaments c\u00f2modes i flexibles.","breadcrumb":{"@id":"https:\/\/clinicadentalmontsetimoneda.com\/ca\/financament\/#breadcrumb"},"inLanguage":"ca","potentialAction":[{"@type":"ReadAction","target":["https:\/\/clinicadentalmontsetimoneda.com\/ca\/financament\/"]}]},{"@type":"ImageObject","inLanguage":"ca","@id":"https:\/\/clinicadentalmontsetimoneda.com\/ca\/financament\/#primaryimage","url":"https:\/\/clinicadentalmontsetimoneda.com\/wp-content\/uploads\/2024\/09\/financiacion_hero-1200x800.jpg","contentUrl":"https:\/\/clinicadentalmontsetimoneda.com\/wp-content\/uploads\/2024\/09\/financiacion_hero-1200x800.jpg"},{"@type":"BreadcrumbList","@id":"https:\/\/clinicadentalmontsetimoneda.com\/ca\/financament\/#breadcrumb","itemListElement":[{"@type":"ListItem","position":1,"name":"Portada","item":"https:\/\/clinicadentalmontsetimoneda.com\/ca\/"},{"@type":"ListItem","position":2,"name":"Finan\u00e7ament"}]},{"@type":"WebSite","@id":"https:\/\/clinicadentalmontsetimoneda.com\/ca\/#website","url":"https:\/\/clinicadentalmontsetimoneda.com\/ca\/","name":"Montse Timoneda","description":"Cl\u00ednica dental  | Tarragona","publisher":{"@id":"https:\/\/clinicadentalmontsetimoneda.com\/ca\/#organization"},"potentialAction":[{"@type":"SearchAction","target":{"@type":"EntryPoint","urlTemplate":"https:\/\/clinicadentalmontsetimoneda.com\/ca\/?s={search_term_string}"},"query-input":{"@type":"PropertyValueSpecification","valueRequired":true,"valueName":"search_term_string"}}],"inLanguage":"ca"},{"@type":"Organization","@id":"https:\/\/clinicadentalmontsetimoneda.com\/ca\/#organization","name":"Clinica Dental Montse Timoneda","url":"https:\/\/clinicadentalmontsetimoneda.com\/ca\/","logo":{"@type":"ImageObject","inLanguage":"ca","@id":"https:\/\/clinicadentalmontsetimoneda.com\/ca\/#\/schema\/logo\/image\/","url":"https:\/\/clinicadentalmontsetimoneda.com\/wp-content\/uploads\/2024\/05\/Logo-central.svg","contentUrl":"https:\/\/clinicadentalmontsetimoneda.com\/wp-content\/uploads\/2024\/05\/Logo-central.svg","width":515,"height":110,"caption":"Clinica Dental Montse Timoneda"},"image":{"@id":"https:\/\/clinicadentalmontsetimoneda.com\/ca\/#\/schema\/logo\/image\/"},"sameAs":["https:\/\/es-es.facebook.com\/ClinicaDentalMontseTimoneda\/","https:\/\/www.instagram.com\/cd.montsetimoneda\/","https:\/\/www.youtube.com\/channel\/UCBohbjYo6D3kp365Fs68cGw"]}]}},"_links":{"self":[{"href":"https:\/\/clinicadentalmontsetimoneda.com\/ca\/wp-json\/wp\/v2\/pages\/12989","targetHints":{"allow":["GET"]}}],"collection":[{"href":"https:\/\/clinicadentalmontsetimoneda.com\/ca\/wp-json\/wp\/v2\/pages"}],"about":[{"href":"https:\/\/clinicadentalmontsetimoneda.com\/ca\/wp-json\/wp\/v2\/types\/page"}],"author":[{"embeddable":true,"href":"https:\/\/clinicadentalmontsetimoneda.com\/ca\/wp-json\/wp\/v2\/users\/7"}],"replies":[{"embeddable":true,"href":"https:\/\/clinicadentalmontsetimoneda.com\/ca\/wp-json\/wp\/v2\/comments?post=12989"}],"version-history":[{"count":26,"href":"https:\/\/clinicadentalmontsetimoneda.com\/ca\/wp-json\/wp\/v2\/pages\/12989\/revisions"}],"predecessor-version":[{"id":16892,"href":"https:\/\/clinicadentalmontsetimoneda.com\/ca\/wp-json\/wp\/v2\/pages\/12989\/revisions\/16892"}],"wp:attachment":[{"href":"https:\/\/clinicadentalmontsetimoneda.com\/ca\/wp-json\/wp\/v2\/media?parent=12989"}],"curies":[{"name":"wp","href":"https:\/\/api.w.org\/{rel}","templated":true}]}}